{"id":51,"date":"2025-10-13T15:28:51","date_gmt":"2025-10-13T15:28:51","guid":{"rendered":"https:\/\/diligent-pink-penguin.64-191-166-22.cpanel.site\/?page_id=51"},"modified":"2025-11-06T22:45:28","modified_gmt":"2025-11-06T22:45:28","slug":"contact-us","status":"publish","type":"page","link":"https:\/\/isc-inc.net\/pt\/contact-us\/","title":{"rendered":"Contate"},"content":{"rendered":"<div class='breakdance'><section class=\"bde-section-51-100 bde-section\">\n              \n  \n  \n\t\n\n  <div class=\"section-background-overlay\"><\/div>\n\n\n<div class=\"section-container\"><h1 class=\"bde-heading-51-101 bde-heading page-header\">\nContate-nos\n<\/h1><\/div>\n<\/section><section class=\"bde-section-51-102 bde-section\">\n  \n  \n\t\n\n\n\n<div class=\"section-container\"><h2 class=\"bde-heading-51-103 bde-heading\">\nEntre em contato com a Imaging Supplies Coalition\n<\/h2><div class=\"bde-columns-51-105 bde-columns\"><div class=\"bde-column-51-106 bde-column\">\n  \n  \n\t\n\n\n\n<div class=\"bde-text-51-104 bde-text\">\nAguardamos seu contato.<br><br>A Imaging Supplies Coalition est\u00e1 constantemente em busca de novas maneiras e novos parceiros para combater a fraude e a falsifica\u00e7\u00e3o no setor de suprimentos para imagem. Envie-nos um e-mail e entraremos em contato em breve.<br><br>E-mail: imagingsuppliescoalition@gmail.com\n<\/div><div class=\"bde-rich-text-51-119 bde-rich-text breakdance-rich-text-styles\">\n<p>Aguardamos seu contato.<\/p>\n<p>A Imaging Supplies Coalition est\u00e1 constantemente em busca de novas maneiras e novos parceiros para combater a fraude e a falsifica\u00e7\u00e3o no setor de suprimentos para imagem. Envie-nos um e-mail e entraremos em contato em breve.<\/p>\n<p><strong>E<\/strong><strong>correspond\u00eancia:\u00a0<a href=\"mailto:imagingsuppliescoalition@gmail.com\">imagingsuppliescoalition@gmail.com<\/a><\/strong><\/p>\n<\/div>\n<\/div><div class=\"bde-column-51-109 bde-column\">\n  \n  \n\t\n\n\n\n<div class=\"bde-form-builder-51-120 bde-form-builder\">\n\n\n<form id=\"contact-form120\" class=\"breakdance-form breakdance-form--vertical\" data-options=\"{&quot;slug&quot;:&quot;custom&quot;,&quot;name&quot;:&quot;Contact Form&quot;,&quot;ajaxUrl&quot;:&quot;https:\\\/\\\/isc-inc.net\\\/wp-admin\\\/admin-ajax.php&quot;,&quot;clearOnSuccess&quot;:true,&quot;hideOnSuccess&quot;:false,&quot;successMessage&quot;:&quot;Your message has been received!&quot;,&quot;errorMessage&quot;:&quot;Something went wrong&quot;,&quot;redirect&quot;:true,&quot;redirectUrl&quot;:&quot;https:\\\/\\\/isc-inc.net\\\/?page_id=39&quot;,&quot;customJavaScript&quot;:&quot;&quot;,&quot;recaptcha&quot;:{&quot;key&quot;:&quot;&quot;,&quot;enabled&quot;:false},&quot;honeypot_enabled&quot;:true,&quot;popupsOnSuccess&quot;:[],&quot;popupsOnError&quot;:[]}\" data-steps=\"0\" action=\"\" >\n  \n  \n  \n<div class=\"breakdance-form-field breakdance-form-field--text\" >\n    \n    \n            <label class=\"breakdance-form-field__label\" for=\"name\">\n            Nome<span class=\"breakdance-form-field__required\">*<\/span>\n        <\/label>\n    \n    <input\n    class=\"breakdance-form-field__input\"\n    id=\"name\"\n    aria-describedby=\"name\"\n    type=\"text\"\n    name=\"fields[name]\"\n    placeholder=\"\"\n    value=\"\"\n                \n        \n        \n    required\n>\n\n\n    \n    \n<\/div>\n\n\n<div class=\"breakdance-form-field breakdance-form-field--email\" >\n    \n    \n            <label class=\"breakdance-form-field__label\" for=\"email\">\n            E-mail<span class=\"breakdance-form-field__required\">*<\/span>\n        <\/label>\n    \n    <input\n    class=\"breakdance-form-field__input\"\n    id=\"email\"\n    aria-describedby=\"email\"\n    type=\"email\"\n    name=\"fields[email]\"\n    placeholder=\"\"\n    value=\"\"\n                \n        \n        \n    required\n>\n\n\n    \n    \n<\/div>\n\n\n<div class=\"breakdance-form-field breakdance-form-field--text\" >\n    \n    \n            <label class=\"breakdance-form-field__label\" for=\"subject\">\n            Assunto<span class=\"breakdance-form-field__required\">*<\/span>\n        <\/label>\n    \n    <input\n    class=\"breakdance-form-field__input\"\n    id=\"subject\"\n    aria-describedby=\"subject\"\n    type=\"text\"\n    name=\"fields[subject]\"\n    placeholder=\"\"\n    value=\"\"\n                \n        \n        \n    required\n>\n\n\n    \n    \n<\/div>\n\n\n<div class=\"breakdance-form-field breakdance-form-field--textarea\" >\n    \n    \n            <label class=\"breakdance-form-field__label\" for=\"message\">\n            Mensagem<span class=\"breakdance-form-field__required\">*<\/span>\n        <\/label>\n    \n    <textarea\n    class=\"breakdance-form-field__input\"\n    id=\"message\"\n    aria-describedby=\"message\"\n    type=\"textarea\"\n    name=\"fields[message]\"\n        placeholder=\"\"\n    required\n>\n<\/textarea>\n\n\n    \n    \n<\/div>\n\n\n<div class=\"breakdance-form-field breakdance-form-field--hpinput\" >\n    \n    \n            <label class=\"breakdance-form-field__label\" for=\"hpname\">\n            Nome HP\n        <\/label>\n    \n    <input\n    class=\"breakdance-form-field__input\"\n    id=\"hpname\"\n    aria-describedby=\"hpname\"\n    type=\"hpinput\"\n    name=\"fields[hpname]\"\n    placeholder=\"\"\n    value=\"\"\n                \n        \n        \n    \n    autocomplete=\"off\"\n    tabindex=\"-1\"\n    \n>\n\n\n    \n    \n<\/div>\n\n\n  \n\n<div class=\"breakdance-form-field breakdance-form-footer\">\n    \n    \n                                    \n    \n    \n    \n    \n            \n            <button type=\"submit\" class=\"button-atom button-atom--primary breakdance-form-button breakdance-form-button__submit\"  >\n    \n        <span class=\"button-atom__text\">Enviar<\/span>\n\n        \n        \n            <\/button>\n    \n    <input type=\"hidden\" name=\"form_id\" value=\"120\">\n    <input type=\"hidden\" name=\"post_id\" value=\"51\">\n<\/div>\n\n  \n<input type=\"hidden\" name=\"trp-form-language\" value=\"pt\"\/><\/form>\n\n\n\n<\/div>\n<\/div><\/div><\/div>\n<\/section><\/div>","protected":false},"excerpt":{"rendered":"<p>Contact Us Contact the Imaging Supplies Coalition We look forward to hearing from you.The Imaging Supplies Coalition is continually seeking new ways and new partners with which to combat fraud and counterfeiting in the imaging supplies industry. Please send us an email and someone will get back with you promptly.Email: imagingsuppliescoalition@gmail.com We look forward to [&hellip;]<\/p>","protected":false},"author":1,"featured_media":0,"parent":0,"menu_order":0,"comment_status":"closed","ping_status":"closed","template":"","meta":{"_breakdance_hide_in_design_set":false,"_breakdance_tags":"","footnotes":""},"class_list":["post-51","page","type-page","status-publish","hentry"],"_links":{"self":[{"href":"https:\/\/isc-inc.net\/pt\/wp-json\/wp\/v2\/pages\/51","targetHints":{"allow":["GET"]}}],"collection":[{"href":"https:\/\/isc-inc.net\/pt\/wp-json\/wp\/v2\/pages"}],"about":[{"href":"https:\/\/isc-inc.net\/pt\/wp-json\/wp\/v2\/types\/page"}],"author":[{"embeddable":true,"href":"https:\/\/isc-inc.net\/pt\/wp-json\/wp\/v2\/users\/1"}],"replies":[{"embeddable":true,"href":"https:\/\/isc-inc.net\/pt\/wp-json\/wp\/v2\/comments?post=51"}],"version-history":[{"count":18,"href":"https:\/\/isc-inc.net\/pt\/wp-json\/wp\/v2\/pages\/51\/revisions"}],"predecessor-version":[{"id":339,"href":"https:\/\/isc-inc.net\/pt\/wp-json\/wp\/v2\/pages\/51\/revisions\/339"}],"wp:attachment":[{"href":"https:\/\/isc-inc.net\/pt\/wp-json\/wp\/v2\/media?parent=51"}],"curies":[{"name":"wp","href":"https:\/\/api.w.org\/{rel}","templated":true}]}}