{"id":50,"date":"2025-10-13T15:28:51","date_gmt":"2025-10-13T15:28:51","guid":{"rendered":"https:\/\/diligent-pink-penguin.64-191-166-22.cpanel.site\/?page_id=50"},"modified":"2025-11-06T21:07:59","modified_gmt":"2025-11-06T21:07:59","slug":"patent-infringement","status":"publish","type":"page","link":"https:\/\/isc-inc.net\/pt\/patent-infringement\/","title":{"rendered":"Viola\u00e7\u00e3o de Patente"},"content":{"rendered":"<div class='breakdance'><section class=\"bde-section-50-100 bde-section\">\n              \n  \n  \n\t\n\n  <div class=\"section-background-overlay\"><\/div>\n\n\n<div class=\"section-container\"><h1 class=\"bde-heading-50-101 bde-heading page-header\">\nViola\u00e7\u00e3o de Patente\n<\/h1><\/div>\n<\/section><section class=\"bde-section-50-102 bde-section\">\n  \n  \n\t\n\n\n\n<div class=\"section-container\"><h2 class=\"bde-heading-50-103 bde-heading\">\nViola\u00e7\u00e3o de Patente<br>\n<\/h2><div class=\"bde-text-50-104 bde-text\">\nUma quest\u00e3o recente no setor de suprimentos para imagem \u00e9 a crescente importa\u00e7\u00e3o de cartuchos compat\u00edveis e clones rec\u00e9m-fabricados. Se esses produtos n\u00e3o infringirem marcas registradas ou direitos autorais de fabricantes originais (OEMs), podem ser leg\u00edtimos. No entanto, a Comiss\u00e3o de Com\u00e9rcio Internacional dos Estados Unidos (ITC) determinou que alguns desses cartuchos infringem patentes de OEMs. Consequentemente, a ITC emitiu Ordens Gerais de Exclus\u00e3o (GEOs). As Ordens de Exclus\u00e3o pro\u00edbem principalmente a importa\u00e7\u00e3o de cartuchos clones\/compat\u00edveis que infringem patentes de OEMs. Em alguns casos, uma GEO tamb\u00e9m pode excluir cartuchos remanufaturados e cartuchos vazios que violem leis de patentes ou marcas registradas. Revendedores que importam produtos proibidos por uma GEO podem estar sujeitos a penalidades, incluindo apreens\u00e3o de estoque e multas. Recomendamos que os revendedores se familiarizem com as disposi\u00e7\u00f5es dessas GEOs. <br><br>\n<\/div><div class=\"bde-text-50-119 bde-text\">\nA seguir, est\u00e3o listadas as empresas membros do ISC que obtiveram uma ou mais dessas Ordens Gerais de Exclus\u00e3o:\n<\/div><div class=\"bde-text-50-121 bde-text\">\n<div><p><strong>EPSON:<\/strong>&nbsp;<a href=\"http:\/\/itc.epson.com\/\" target=\"_blank\">Site da Epson<\/a><\/p><p><strong>HP:<\/strong>&nbsp;Entre em contato com o ISC para obter informa\u00e7\u00f5es.<\/p><p><strong>LEXMARK:<\/strong>&nbsp;<a href=\"http:\/\/www1.lexmark.com\/en_US\/products\/brand-protection\/general-exclusion-order.shtml\" target=\"_blank\">Site da Lexmark | Ordem Geral de Exclus\u00e3o<\/a><\/p><p><a href=\"https:\/\/isc-inc.net\/wp-content\/uploads\/2025\/10\/What_Is_Counterfeit_Chart.pdf\" target=\"_blank\">Clique aqui para consultar o gr\u00e1fico que ilustra &quot;O que \u00e9 um fornecimento de imagens que infringe direitos autorais&quot;.\"<\/a><\/p><\/div>\n<\/div><\/div>\n<\/section><\/div>","protected":false},"excerpt":{"rendered":"<p>Patent Infringement Patent Infringement A newer issue in the imaging supplies industry is the growing importation of newly manufactured compatible and clone cartridges. If these products do not infringe OEM trademarks or copyrights they could be legitimate. However, the United States International Trade Commission (ITC) has determined that some of these cartridges infringe OEM Patents. [&hellip;]<\/p>","protected":false},"author":1,"featured_media":0,"parent":0,"menu_order":0,"comment_status":"closed","ping_status":"closed","template":"","meta":{"_breakdance_hide_in_design_set":false,"_breakdance_tags":"","footnotes":""},"class_list":["post-50","page","type-page","status-publish","hentry"],"_links":{"self":[{"href":"https:\/\/isc-inc.net\/pt\/wp-json\/wp\/v2\/pages\/50","targetHints":{"allow":["GET"]}}],"collection":[{"href":"https:\/\/isc-inc.net\/pt\/wp-json\/wp\/v2\/pages"}],"about":[{"href":"https:\/\/isc-inc.net\/pt\/wp-json\/wp\/v2\/types\/page"}],"author":[{"embeddable":true,"href":"https:\/\/isc-inc.net\/pt\/wp-json\/wp\/v2\/users\/1"}],"replies":[{"embeddable":true,"href":"https:\/\/isc-inc.net\/pt\/wp-json\/wp\/v2\/comments?post=50"}],"version-history":[{"count":5,"href":"https:\/\/isc-inc.net\/pt\/wp-json\/wp\/v2\/pages\/50\/revisions"}],"predecessor-version":[{"id":310,"href":"https:\/\/isc-inc.net\/pt\/wp-json\/wp\/v2\/pages\/50\/revisions\/310"}],"wp:attachment":[{"href":"https:\/\/isc-inc.net\/pt\/wp-json\/wp\/v2\/media?parent=50"}],"curies":[{"name":"wp","href":"https:\/\/api.w.org\/{rel}","templated":true}]}}