{"id":49,"date":"2025-10-13T15:28:51","date_gmt":"2025-10-13T15:28:51","guid":{"rendered":"https:\/\/diligent-pink-penguin.64-191-166-22.cpanel.site\/?page_id=49"},"modified":"2025-11-06T21:05:46","modified_gmt":"2025-11-06T21:05:46","slug":"authentication","status":"publish","type":"page","link":"https:\/\/isc-inc.net\/pt\/authentication\/","title":{"rendered":"Autentica\u00e7\u00e3o"},"content":{"rendered":"<div class='breakdance'><section class=\"bde-section-49-100 bde-section\">\n              \n  \n  \n\t\n\n  <div class=\"section-background-overlay\"><\/div>\n\n\n<div class=\"section-container\"><h1 class=\"bde-heading-49-101 bde-heading page-header\">\nAutentica\u00e7\u00e3o\n<\/h1><\/div>\n<\/section><section class=\"bde-section-49-102 bde-section\">\n  \n  \n\t\n\n\n\n<div class=\"section-container\"><h2 class=\"bde-heading-49-103 bde-heading\">\nSobre a Imaging Supplies Coalition\n<\/h2><div class=\"bde-rich-text-49-119 bde-rich-text breakdance-rich-text-styles\">\n<p style=\"text-align: left;\"><b><u>Autentica\u00e7\u00e3o de produto<\/u><\/b><\/p>\n<p style=\"text-align: left;\"><b><u>Sites de informa\u00e7\u00f5es sobre falsifica\u00e7\u00e3o de empresas membros<\/u><\/b><\/p>\n<p>Nossas empresas associadas criaram \u00e1reas antifraude e anticontrafa\u00e7\u00e3o em seus sites. Para autenticar um produto OEM, clique no nome da marca abaixo. O link o levar\u00e1 ao site do fabricante, onde voc\u00ea encontrar\u00e1 informa\u00e7\u00f5es sobre como validar seu produto.<\/p>\n<p align=\"center\"><a href=\"https:\/\/www.brother-usa.com\/supplies\/ink-and-toner\/security#.UlcSFenD-70\" target=\"_blank\" rel=\"noopener\"><b>Sistema de autentica\u00e7\u00e3o Brother<\/b><\/a><\/p>\n<p align=\"center\"><a href=\"https:\/\/www.lexmark.com\/en_us\/products\/supplies-and-accessories\/brand-protection.html\" target=\"_blank\" rel=\"noopener\"><b>Autentica\u00e7\u00e3o de cartuchos Lexmark<\/b><\/a><\/p>\n<p align=\"center\"><a href=\"https:\/\/www.usa.canon.com\/internet\/portal\/us\/home\/explore\/product-showcases\/about-counterfeits\" target=\"_blank\" rel=\"noopener\"><b>Canon Anti-falsifica\u00e7\u00e3o<\/b><\/a><\/p>\n<p align=\"center\"><a href=\"http:\/\/www8.hp.com\/us\/en\/cartridge\/anti-counterfeit.html\" target=\"_blank\" rel=\"noopener\"><b>HP anti-falsifica\u00e7\u00e3o<\/b><\/a><\/p>\n<p align=\"center\"><a href=\"https:\/\/www.xerox.com\/printer-supplies\/brand-protection\/enus.html\" target=\"_blank\" rel=\"noopener\"><b>Xerox Anti-falsifica\u00e7\u00e3o<\/b><\/a><\/p>\n<\/div><\/div>\n<\/section><\/div>","protected":false},"excerpt":{"rendered":"<p>Authentication About the Imaging Supplies Coalition Product Authentication Member Company Counterfeit Information Sites Our member companies have created anti-fraud and anti-counterfeiting areas of their web sites. To authenticate an OEM product click on the brand name below. The link will take you to the OEM web site where there will be information on how to [&hellip;]<\/p>","protected":false},"author":1,"featured_media":0,"parent":0,"menu_order":0,"comment_status":"closed","ping_status":"closed","template":"","meta":{"_breakdance_hide_in_design_set":false,"_breakdance_tags":"","footnotes":""},"class_list":["post-49","page","type-page","status-publish","hentry"],"_links":{"self":[{"href":"https:\/\/isc-inc.net\/pt\/wp-json\/wp\/v2\/pages\/49","targetHints":{"allow":["GET"]}}],"collection":[{"href":"https:\/\/isc-inc.net\/pt\/wp-json\/wp\/v2\/pages"}],"about":[{"href":"https:\/\/isc-inc.net\/pt\/wp-json\/wp\/v2\/types\/page"}],"author":[{"embeddable":true,"href":"https:\/\/isc-inc.net\/pt\/wp-json\/wp\/v2\/users\/1"}],"replies":[{"embeddable":true,"href":"https:\/\/isc-inc.net\/pt\/wp-json\/wp\/v2\/comments?post=49"}],"version-history":[{"count":5,"href":"https:\/\/isc-inc.net\/pt\/wp-json\/wp\/v2\/pages\/49\/revisions"}],"predecessor-version":[{"id":308,"href":"https:\/\/isc-inc.net\/pt\/wp-json\/wp\/v2\/pages\/49\/revisions\/308"}],"wp:attachment":[{"href":"https:\/\/isc-inc.net\/pt\/wp-json\/wp\/v2\/media?parent=49"}],"curies":[{"name":"wp","href":"https:\/\/api.w.org\/{rel}","templated":true}]}}