{"id":48,"date":"2025-10-13T15:28:51","date_gmt":"2025-10-13T15:28:51","guid":{"rendered":"https:\/\/diligent-pink-penguin.64-191-166-22.cpanel.site\/?page_id=48"},"modified":"2025-11-06T21:10:13","modified_gmt":"2025-11-06T21:10:13","slug":"reporting-fraud","status":"publish","type":"page","link":"https:\/\/isc-inc.net\/pt\/reporting-fraud\/","title":{"rendered":"Denunciando Fraude"},"content":{"rendered":"<div class='breakdance'><section class=\"bde-section-48-100 bde-section\">\n              \n  \n  \n\t\n\n  <div class=\"section-background-overlay\"><\/div>\n\n\n<div class=\"section-container\"><h1 class=\"bde-heading-48-101 bde-heading page-header\">\nDenunciando Fraude\n<\/h1><\/div>\n<\/section><section class=\"bde-section-48-102 bde-section\">\n  \n  \n\t\n\n\n\n<div class=\"section-container\"><div class=\"bde-rich-text-48-119 bde-rich-text breakdance-rich-text-styles\">\n<div id=\"region_2\" class=\"region editable-region\">\n<div>\n<h3>Fraudes n\u00e3o denunciadas prejudicam a todos. Veja como voc\u00ea pode fazer a sua parte para impedir golpistas e vigaristas.<\/h3>\n<p>Segue abaixo uma lista de contatos caso suspeite de alguma viola\u00e7\u00e3o da lei:<\/p>\n<ul class=\"styled-list\">\n<li>Comiss\u00e3o Federal de Com\u00e9rcio: 1-877-FTC-HELP, 1-877-382-4357, TTY: 1-866-653-4261<\/li>\n<li>Apresente uma reclama\u00e7\u00e3o \u00e0 FTC online.\u00a0<a href=\"https:\/\/www.ftccomplaintassistant.gov\/#nb\" target=\"_blank\" rel=\"noopener\">Aqui<\/a><\/li>\n<li>Se\u00e7\u00e3o de Fraudes do Departamento de Justi\u00e7a dos EUA: 1-202-514-2000 |\u00a0<a href=\"https:\/\/www.ftccomplaintassistant.gov\/#crnt&amp;panel1-1\" target=\"_blank\" rel=\"noopener\">Envie-os por e-mail aqui.<\/a><\/li>\n<li>Centro Nacional de Informa\u00e7\u00f5es sobre Fraudes:\u00a0<a href=\"tel:1-800-876-7060\">1-800-876-7060<\/a><\/li>\n<li>Seu Procurador-Geral do Estado<\/li>\n<li>Seu escrit\u00f3rio local de prote\u00e7\u00e3o ao consumidor<\/li>\n<li>Better Business Bureau<\/li>\n<li>Fabricante de Equipamento Original<\/li>\n<li>Se\u00e7\u00e3o de Fraudes do Departamento de Justi\u00e7a dos EUA:\u00a0<a href=\"tel:1-202-514-7023\">1-202-514-7023<\/a><\/li>\n<li>Centro Nacional de Informa\u00e7\u00f5es sobre Fraudes:\u00a0<a href=\"tel:1-800-876-7060\">1-800-876-7060<\/a><\/li>\n<li>Al\u00e9m disso, voc\u00ea pode querer compartilhar suas experi\u00eancias com outras empresas para ajud\u00e1-las a evitar golpes.<\/li>\n<\/ul>\n<\/div>\n<\/div>\n<div id=\"region_3\" class=\"region editable-region\">\n<div>A FTC insere reclama\u00e7\u00f5es relacionadas \u00e0 internet, telemarketing, roubo de identidade e outras fraudes no Consumer Sentinel, um banco de dados online seguro dispon\u00edvel para centenas de ag\u00eancias de aplica\u00e7\u00e3o da lei civis e criminais nos EUA e no exterior.<\/div>\n<\/div>\n<\/div><\/div>\n<\/section><\/div>","protected":false},"excerpt":{"rendered":"<p>Reporting Fraud Unreported fraud costs everyone. Here&#8217;s how you can do your part to stop scammers and con artists. Below is a list of contacts if you suspect a violation of the law: Federal Trade Commission: 1-877-FTC-HELP, 1-877-382-4357, TTY: 1-866-653-4261 File a complaint to the FTC Online\u00a0Here US Department of Justice Fraud Section: 1-202-514-2000 |\u00a0Email [&hellip;]<\/p>","protected":false},"author":1,"featured_media":0,"parent":0,"menu_order":0,"comment_status":"closed","ping_status":"closed","template":"","meta":{"_breakdance_hide_in_design_set":false,"_breakdance_tags":"","footnotes":""},"class_list":["post-48","page","type-page","status-publish","hentry"],"_links":{"self":[{"href":"https:\/\/isc-inc.net\/pt\/wp-json\/wp\/v2\/pages\/48","targetHints":{"allow":["GET"]}}],"collection":[{"href":"https:\/\/isc-inc.net\/pt\/wp-json\/wp\/v2\/pages"}],"about":[{"href":"https:\/\/isc-inc.net\/pt\/wp-json\/wp\/v2\/types\/page"}],"author":[{"embeddable":true,"href":"https:\/\/isc-inc.net\/pt\/wp-json\/wp\/v2\/users\/1"}],"replies":[{"embeddable":true,"href":"https:\/\/isc-inc.net\/pt\/wp-json\/wp\/v2\/comments?post=48"}],"version-history":[{"count":3,"href":"https:\/\/isc-inc.net\/pt\/wp-json\/wp\/v2\/pages\/48\/revisions"}],"predecessor-version":[{"id":327,"href":"https:\/\/isc-inc.net\/pt\/wp-json\/wp\/v2\/pages\/48\/revisions\/327"}],"wp:attachment":[{"href":"https:\/\/isc-inc.net\/pt\/wp-json\/wp\/v2\/media?parent=48"}],"curies":[{"name":"wp","href":"https:\/\/api.w.org\/{rel}","templated":true}]}}