{"id":47,"date":"2025-10-13T15:28:51","date_gmt":"2025-10-13T15:28:51","guid":{"rendered":"https:\/\/diligent-pink-penguin.64-191-166-22.cpanel.site\/?page_id=47"},"modified":"2025-11-06T21:09:47","modified_gmt":"2025-11-06T21:09:47","slug":"steps-to-take","status":"publish","type":"page","link":"https:\/\/isc-inc.net\/pt\/steps-to-take\/","title":{"rendered":"Medidas a Serem Tomadas"},"content":{"rendered":"<div class='breakdance'><section class=\"bde-section-47-100 bde-section\">\n              \n  \n  \n\t\n\n  <div class=\"section-background-overlay\"><\/div>\n\n\n<div class=\"section-container\"><h1 class=\"bde-heading-47-101 bde-heading page-header\">\nMedidas a Serem Tomadas\n<\/h1><\/div>\n<\/section><section class=\"bde-section-47-102 bde-section\">\n  \n  \n\t\n\n\n\n<div class=\"section-container\"><div class=\"bde-rich-text-47-119 bde-rich-text breakdance-rich-text-styles\">\n<div class=\"container\">\n<div class=\"row\">\n<div class=\"column col-xs-12 col-sm-12 col-md-12 col-lg-12\">\n<div id=\"region_6\" class=\"region editable-region\">\n<div>\n<h3>Medidas a serem tomadas para evitar fraudes em materiais de escrit\u00f3rio<\/h3>\n<p>Esteja preparado. Ao ficar atento e seguir os passos simples abaixo, voc\u00ea pode facilmente evitar ser v\u00edtima de golpes com materiais de escrit\u00f3rio.<\/p>\n<p>\u00a0<\/p>\n<\/div>\n<\/div>\n<\/div>\n<\/div>\n<\/div>\n<div class=\"content-area container\">\n<div class=\"row\">\n<div class=\"column col-xs-12 col-sm-12 col-md-6 col-lg-6\">\n<div id=\"region_1\" class=\"region editable-region\">\n<h2>Primeiro passo: Conhe\u00e7a seus direitos<\/h2>\n<ul class=\"styled-list\">\n<li>Se voc\u00ea receber suprimentos ou faturas por servi\u00e7os que n\u00e3o solicitou, n\u00e3o pague e n\u00e3o devolva a mercadoria n\u00e3o solicitada.<\/li>\n<li>Considere como presente qualquer mercadoria n\u00e3o solicitada que voc\u00ea receber.<\/li>\n<li>\u00c9 ilegal um vendedor enviar faturas ou avisos de cobran\u00e7a por mercadorias que voc\u00ea n\u00e3o encomendou, ou pedir que voc\u00ea devolva a mercadoria se ele se oferecer para pagar o custo do frete.<\/li>\n<li>Lembre-se de que um contrato n\u00e3o \u00e9 vinculativo se a empresa se apresentou falsamente como seu fornecedor habitual.<\/li>\n<\/ul>\n<\/div>\n<\/div>\n<div class=\"column col-xs-12 col-sm-12 col-md-6 col-lg-6\">\u00a0<\/div>\n<\/div>\n<\/div>\n<div class=\"content-area container\">\n<div class=\"row\">\n<div class=\"column col-xs-12 col-sm-12 col-md-12 col-lg-12\">\n<div id=\"region_7\" class=\"region editable-region\">\n<div><strong><span class=\"blue-text\">Observa\u00e7\u00e3o:<\/span>\u00a0<\/strong>\u00c9 importante designar funcion\u00e1rios espec\u00edficos como compradores. Somente esses compradores devem atribuir os n\u00fameros das ordens de compra e garantir que elas constem na fatura e no conhecimento de embarque. Eles tamb\u00e9m devem ser respons\u00e1veis por enviar uma c\u00f3pia das ordens de compra ao departamento de contas a pagar.<\/div>\n<div>\u00a0<\/div>\n<\/div>\n<\/div>\n<\/div>\n<\/div>\n<div class=\"content-area container\">\n<div class=\"row\">\n<div class=\"column col-xs-12 col-sm-12 col-md-12 col-lg-12\">\n<div id=\"region_3\" class=\"region editable-region\">\n<h2>Passo Dois: Verifique toda a documenta\u00e7\u00e3o antes de pagar as contas.<\/h2>\n<p>O departamento de recebimento deve verificar se os pedidos de compra correspondem \u00e0 nota fiscal. Marcas e quantidades devem ser conferidas cuidadosamente e, caso n\u00e3o coincidam, a mercadoria deve ser recusada. As notas fiscais devem ser encaminhadas ao departamento de contas a pagar para uma an\u00e1lise mais detalhada.<\/p>\n<p>\u00a0<\/p>\n<\/div>\n<\/div>\n<\/div>\n<\/div>\n<div class=\"content-area container\">\n<div class=\"row\">\n<div class=\"column col-xs-12 col-sm-12 col-md-12 col-lg-12\">\n<div id=\"region_4\" class=\"region editable-region\">\n<h2>Etapa Tr\u00eas: Treine sua equipe<\/h2>\n<ul class=\"styled-list\">\n<li>Treine todos sobre como responder a operadores de telemarketing. (Exemplo: N\u00e3o estou autorizado a fazer pedidos. Voc\u00ea precisa falar com ________ para obter uma ordem de compra).<\/li>\n<li>Estabele\u00e7a uma equipe de compradores, recebedores e representantes de contas a pagar designados e desenvolva procedimentos de compra padronizados.<\/li>\n<\/ul>\n<p>\u00a0<\/p>\n<\/div>\n<\/div>\n<\/div>\n<\/div>\n<div class=\"content-area container\">\n<div class=\"row\">\n<div class=\"column col-xs-12 col-sm-12 col-md-12 col-lg-12\">\n<div id=\"region_5\" class=\"region editable-region\">\n<h2>Recursos adicionais<\/h2>\n<p>A Comiss\u00e3o Federal de Com\u00e9rcio (Federal Trade Commission) possui ampla informa\u00e7\u00e3o para auxiliar ou responder \u00e0s suas perguntas.\u00a0<a href=\"https:\/\/www.ftc.gov\/faq\" target=\"_blank\" rel=\"noopener\">Acesse o site aqui.<\/a><\/p>\n<\/div>\n<\/div>\n<\/div>\n<\/div>\n<\/div><\/div>\n<\/section><\/div>","protected":false},"excerpt":{"rendered":"<p>Medidas a serem tomadas para evitar fraudes com materiais de escrit\u00f3rio. Esteja preparado. Ao estar atento e seguir os passos simples abaixo, voc\u00ea pode facilmente evitar ser v\u00edtima de golpes com materiais de escrit\u00f3rio. Passo Um: Conhe\u00e7a seus direitos. Se voc\u00ea receber materiais ou faturas por servi\u00e7os que n\u00e3o encomendou, n\u00e3o pague e n\u00e3o devolva [\u2026]<\/p>","protected":false},"author":1,"featured_media":0,"parent":0,"menu_order":0,"comment_status":"closed","ping_status":"closed","template":"","meta":{"_breakdance_hide_in_design_set":false,"_breakdance_tags":"","footnotes":""},"class_list":["post-47","page","type-page","status-publish","hentry"],"_links":{"self":[{"href":"https:\/\/isc-inc.net\/pt\/wp-json\/wp\/v2\/pages\/47","targetHints":{"allow":["GET"]}}],"collection":[{"href":"https:\/\/isc-inc.net\/pt\/wp-json\/wp\/v2\/pages"}],"about":[{"href":"https:\/\/isc-inc.net\/pt\/wp-json\/wp\/v2\/types\/page"}],"author":[{"embeddable":true,"href":"https:\/\/isc-inc.net\/pt\/wp-json\/wp\/v2\/users\/1"}],"replies":[{"embeddable":true,"href":"https:\/\/isc-inc.net\/pt\/wp-json\/wp\/v2\/comments?post=47"}],"version-history":[{"count":4,"href":"https:\/\/isc-inc.net\/pt\/wp-json\/wp\/v2\/pages\/47\/revisions"}],"predecessor-version":[{"id":319,"href":"https:\/\/isc-inc.net\/pt\/wp-json\/wp\/v2\/pages\/47\/revisions\/319"}],"wp:attachment":[{"href":"https:\/\/isc-inc.net\/pt\/wp-json\/wp\/v2\/media?parent=47"}],"curies":[{"name":"wp","href":"https:\/\/api.w.org\/{rel}","templated":true}]}}