{"id":46,"date":"2025-10-13T15:28:51","date_gmt":"2025-10-13T15:28:51","guid":{"rendered":"https:\/\/diligent-pink-penguin.64-191-166-22.cpanel.site\/?page_id=46"},"modified":"2025-11-06T21:09:21","modified_gmt":"2025-11-06T21:09:21","slug":"key-scam-tactics","status":"publish","type":"page","link":"https:\/\/isc-inc.net\/pt\/key-scam-tactics\/","title":{"rendered":"T\u00e1ticas Principais de Golpes"},"content":{"rendered":"<div class='breakdance'><section class=\"bde-section-46-100 bde-section\">\n              \n  \n  \n\t\n\n  <div class=\"section-background-overlay\"><\/div>\n\n\n<div class=\"section-container\"><h1 class=\"bde-heading-46-101 bde-heading page-header\">\nT\u00e1ticas Principais de Golpes\n<\/h1><\/div>\n<\/section><section class=\"bde-section-46-102 bde-section\">\n  \n  \n\t\n\n\n\n<div class=\"section-container\"><h2 class=\"bde-heading-46-103 bde-heading\">\nT\u00e1ticas principais de golpes de telemarketing\n<\/h2><div class=\"bde-text-46-104 bde-text\">\nOs golpes por telemarketing est\u00e3o se tornando cada vez mais comuns em todo o mundo, mas voc\u00ea pode ajudar a combat\u00ea-los! Confira abaixo as t\u00e1ticas mais utilizadas para evitar ser v\u00edtima de um golpista por telefone.<br><br>\n<\/div><h3 class=\"bde-heading-46-119 bde-heading\">\nGolpe de evas\u00e3o<br>\n<\/h3><div class=\"bde-text-46-120 bde-text\">\nEste \u00e9 um elemento de texto b\u00e1sico.\n<\/div><div class=\"bde-rich-text-46-121 bde-rich-text breakdance-rich-text-styles\">\n<p>Se uma organiza\u00e7\u00e3o reclamar que n\u00e3o encomendou a mercadoria ou que o pre\u00e7o est\u00e1 muito alto, o golpista ir\u00e1:<\/p>\n<ul class=\"styled-list\">\n<li>Agressor \u2014 afirma que possui uma grava\u00e7\u00e3o de aceita\u00e7\u00e3o ou que pode process\u00e1-lo;<\/li>\n<li>Negocia\u00e7\u00e3o \u2014 o vendedor concorda em aceitar um pre\u00e7o mais baixo;<\/li>\n<li>Cobran\u00e7a por mercadoria devolvida \u2014 o vendedor alega cobrar uma taxa de reabastecimento para a devolu\u00e7\u00e3o de produtos.<\/li>\n<\/ul>\n<\/div><div class=\"bde-columns-46-115 bde-columns\"><div class=\"bde-column-46-130 bde-column\">\n  \n  \n\t\n\n\n\n<div class=\"bde-div-46-131 bde-div\">\n  \n  \n\t\n\n\n\n<h3 class=\"bde-heading-46-132 bde-heading\">\nGolpe do impostor<br>\n<\/h3><div class=\"bde-text-46-133 bde-text\">\nA pessoa que liga finge ser seu fornecedor habitual ou, em alguns casos, o fabricante, e alega falsamente que os pre\u00e7os est\u00e3o subindo ou usa outras t\u00e1ticas de venda devido a excedentes, etc.<br><br>\n<\/div>\n<\/div><div class=\"bde-div-46-134 bde-div\">\n  \n  \n\t\n\n\n\n<h3 class=\"bde-heading-46-135 bde-heading\">\nGolpe de cobran\u00e7a de faturas<br>\n<\/h3><div class=\"bde-text-46-136 bde-text\">\nEsses golpistas enviar\u00e3o quantas faturas forem necess\u00e1rias para receber seu dinheiro, muitas vezes com o carimbo de &quot;Vencido&quot;. Em alguns casos, eles recorrer\u00e3o a ag\u00eancias de cobran\u00e7a fraudulentas e amea\u00e7as de a\u00e7\u00f5es judiciais.<br><br>\n<\/div>\n<\/div>\n<\/div><\/div><div class=\"bde-columns-46-137 bde-columns\"><div class=\"bde-column-46-138 bde-column\">\n  \n  \n\t\n\n\n\n<div class=\"bde-div-46-139 bde-div\">\n  \n  \n\t\n\n\n\n<h3 class=\"bde-heading-46-140 bde-heading\">\nGolpe do Cavalo de Presente<br>\n<\/h3><div class=\"bde-text-46-141 bde-text\">\nO golpista engana um funcion\u00e1rio para que ele aceite um brinde \u2014 um item promocional gratuito \u2014 com uma refer\u00eancia superficial \u00e0 mercadoria usada, e em seguida envia mercadorias superfaturadas e n\u00e3o solicitadas, seguidas de uma fatura com o nome do funcion\u00e1rio. Ele espera que sua organiza\u00e7\u00e3o pense que precisa participar do esquema por causa do seu erro.<br>\n<\/div>\n<\/div><div class=\"bde-div-46-142 bde-div\">\n  \n  \n\t\n\n\n\n<h3 class=\"bde-heading-46-143 bde-heading\">\nGolpe da fatura falsa<br>\n<\/h3><div class=\"bde-text-46-144 bde-text\">\nQuem liga obt\u00e9m o nome e o endere\u00e7o de um funcion\u00e1rio para que sua organiza\u00e7\u00e3o possa receber e ser cobrada por mercadorias ou servi\u00e7os n\u00e3o solicitados.<br>\n<\/div>\n<\/div>\n<\/div><\/div><\/div>\n<\/section><\/div>","protected":false},"excerpt":{"rendered":"<p>T\u00e1ticas Essenciais de Golpes por Telemarketing Os golpes por telemarketing est\u00e3o se tornando cada vez mais comuns no mundo todo, mas voc\u00ea pode ajudar a combat\u00ea-los! Analise as t\u00e1ticas mais utilizadas abaixo para evitar ser v\u00edtima de um golpista por telefone. Golpe da Recusa Este \u00e9 um golpe b\u00e1sico por mensagem de texto. Se uma empresa reclama que n\u00e3o encomendou o produto ou servi\u00e7o, ela o pressiona a se recusar a pagar.<\/p>","protected":false},"author":1,"featured_media":0,"parent":0,"menu_order":0,"comment_status":"closed","ping_status":"closed","template":"","meta":{"_breakdance_hide_in_design_set":false,"_breakdance_tags":"","footnotes":""},"class_list":["post-46","page","type-page","status-publish","hentry"],"_links":{"self":[{"href":"https:\/\/isc-inc.net\/pt\/wp-json\/wp\/v2\/pages\/46","targetHints":{"allow":["GET"]}}],"collection":[{"href":"https:\/\/isc-inc.net\/pt\/wp-json\/wp\/v2\/pages"}],"about":[{"href":"https:\/\/isc-inc.net\/pt\/wp-json\/wp\/v2\/types\/page"}],"author":[{"embeddable":true,"href":"https:\/\/isc-inc.net\/pt\/wp-json\/wp\/v2\/users\/1"}],"replies":[{"embeddable":true,"href":"https:\/\/isc-inc.net\/pt\/wp-json\/wp\/v2\/comments?post=46"}],"version-history":[{"count":3,"href":"https:\/\/isc-inc.net\/pt\/wp-json\/wp\/v2\/pages\/46\/revisions"}],"predecessor-version":[{"id":326,"href":"https:\/\/isc-inc.net\/pt\/wp-json\/wp\/v2\/pages\/46\/revisions\/326"}],"wp:attachment":[{"href":"https:\/\/isc-inc.net\/pt\/wp-json\/wp\/v2\/media?parent=46"}],"curies":[{"name":"wp","href":"https:\/\/api.w.org\/{rel}","templated":true}]}}