{"id":45,"date":"2025-10-13T15:28:51","date_gmt":"2025-10-13T15:28:51","guid":{"rendered":"https:\/\/diligent-pink-penguin.64-191-166-22.cpanel.site\/?page_id=45"},"modified":"2025-11-06T21:08:52","modified_gmt":"2025-11-06T21:08:52","slug":"fraud-protection","status":"publish","type":"page","link":"https:\/\/isc-inc.net\/pt\/fraud-protection\/","title":{"rendered":"Prote\u00e7\u00e3o Contra Fraudes"},"content":{"rendered":"<div class='breakdance'><section class=\"bde-section-45-100 bde-section\">\n              \n  \n  \n\t\n\n  <div class=\"section-background-overlay\"><\/div>\n\n\n<div class=\"section-container\"><h1 class=\"bde-heading-45-101 bde-heading page-header\">\nProte\u00e7\u00e3o Contra Fraudes\n<\/h1><\/div>\n<\/section><section class=\"bde-section-45-102 bde-section\">\n  \n  \n\t\n\n\n\n<div class=\"section-container\"><h2 class=\"bde-heading-45-103 bde-heading\">\nProte\u00e7\u00e3o Contra Fraudes<br>\n<\/h2><div class=\"bde-text-45-104 bde-text\">\nO telemarketing e a fraude na internet s\u00e3o um neg\u00f3cio multimilion\u00e1rio nos Estados Unidos. Todos os anos, milhares de consumidores perdem desde alguns d\u00f3lares at\u00e9 as suas economias de uma vida inteira para golpistas por telefone.<br><br>\n<\/div><div class=\"bde-rich-text-45-119 bde-rich-text breakdance-rich-text-styles\">\n<p>A Comiss\u00e3o Federal de Com\u00e9rcio (FTC) recomenda que voc\u00ea seja c\u00e9tico ao ouvir uma liga\u00e7\u00e3o de telemarketing e que esteja ciente da Regra de Vendas por Telemarketing \u2013 uma lei que pode ajud\u00e1-lo a se proteger de telemarketing abusivo e enganoso.<\/p>\n<p>Existem muitos sites que oferecem excelentes conselhos a consumidores e empresas sobre t\u00e9cnicas de defesa contra esses golpes. Em vez de repetir essas informa\u00e7\u00f5es, recomendamos que voc\u00ea consulte os seguintes sites relevantes:<\/p>\n<ul class=\"styled-list\">\n<li>\n<p><a href=\"https:\/\/www.consumer.ftc.gov\/\" target=\"_blank\" rel=\"noopener\">Conselhos para prote\u00e7\u00e3o contra golpes de telemarketing para consumidores<\/a><\/p>\n<\/li>\n<li>\n<p><a href=\"https:\/\/www.ftc.gov\/faq\" target=\"_blank\" rel=\"noopener\">Mais dicas para se proteger contra golpes de telemarketing empresarial.<\/a><\/p>\n<\/li>\n<li>\n<p><a href=\"https:\/\/www.ftc.gov\/faq\" target=\"_blank\" rel=\"noopener\">Conselhos para prote\u00e7\u00e3o contra golpes na internet<\/a><\/p>\n<\/li>\n<\/ul>\n<\/div><div class=\"bde-columns-45-111 bde-columns\"><div class=\"bde-column-45-112 bde-column\">\n  \n  \n\t\n\n\n\n<h2 class=\"bde-heading-45-113 bde-heading\">\nT\u00e1ticas, preven\u00e7\u00e3o e relat\u00f3rios<br>\n<\/h2><h2 class=\"bde-heading-45-120 bde-heading\">\nFraude em materiais de escrit\u00f3rio<br>\n<\/h2><div class=\"bde-text-45-114 bde-text\">\nCom os golpes de suprimentos de escrit\u00f3rio, uma forma de fraude por telemarketing que custa \u00e0s empresas americanas cerca de 1,2 a 2 bilh\u00f5es de d\u00f3lares por ano, a Imaging Supplies Coalition quer chamar mais aten\u00e7\u00e3o para essas opera\u00e7\u00f5es que vendem suprimentos de imagem a pre\u00e7os inflacionados. Queremos compartilhar informa\u00e7\u00f5es sobre as empresas envolvidas, as principais t\u00e1ticas que estamos identificando e medidas para evitar fraudes com suprimentos de escrit\u00f3rio.<br><br>\n<\/div><h2 class=\"bde-heading-45-121 bde-heading\">\nIdentifica\u00e7\u00e3o da empresa<br>\n<\/h2><div class=\"bde-text-45-122 bde-text\">\nA maioria desses vendedores por telefone se identificar\u00e1 como se fosse uma ag\u00eancia governamental, uma empresa conhecida ou seu fornecedor habitual, sem mencionar o nome da pr\u00f3pria empresa. A fatura provavelmente vir\u00e1 de uma empresa de &quot;distribui\u00e7\u00e3o&quot;, diferente da empresa que fez a liga\u00e7\u00e3o inicial de vendas.<br><br><span class=\"text-blue\">Clique no link apropriado abaixo para obter mais informa\u00e7\u00f5es.<\/span><br>\n<\/div><div class=\"bde-columns-45-123 bde-columns\"><div class=\"bde-column-45-124 bde-column\">\n  \n  \n\t\n\n\n\n<div class=\"bde-button-45-129 bde-button\">\n    \n                                    \n    \n    \n    \n    \n            \n                    \n            \n            \n\n    \n    \n    \n    \n    \n    <a class=\"breakdance-link button-atom button-atom--primary bde-button__button\" href=\"https:\/\/isc-inc.net\/pt\/?page_id=46\" target=\"_self\" data-type=\"url\"  >\n\n    \n        <span class=\"button-atom__text\">T\u00e1ticas Principais de Golpes<\/span>\n\n        \n        \n                <\/a>\n\n    \n\n\n<\/div><div class=\"bde-button-45-131 bde-button\">\n    \n                                    \n    \n    \n    \n    \n            \n                    \n            \n            \n\n    \n    \n    \n    \n    \n    <a class=\"breakdance-link button-atom button-atom--primary bde-button__button\" href=\"https:\/\/isc-inc.net\/pt\/?page_id=47\" target=\"_self\" data-type=\"url\"  >\n\n    \n        <span class=\"button-atom__text\">Medidas a Serem Tomadas<\/span>\n\n        \n        \n                <\/a>\n\n    \n\n\n<\/div><div class=\"bde-button-45-130 bde-button\">\n    \n                                    \n    \n    \n    \n    \n            \n                    \n            \n            \n\n    \n    \n    \n    \n    \n    <a class=\"breakdance-link button-atom button-atom--primary bde-button__button\" href=\"https:\/\/isc-inc.net\/pt\/?page_id=48\" target=\"_self\" data-type=\"url\"  >\n\n    \n        <span class=\"button-atom__text\">Denunciando Fraude<\/span>\n\n        \n        \n                <\/a>\n\n    \n\n\n<\/div>\n<\/div><\/div>\n<\/div><\/div><\/div>\n<\/section><\/div>","protected":false},"excerpt":{"rendered":"<p>Fraud Protection Fraud Protection Telemarketing and internet fraud is a multi-billion dollar business in the United States. Every year, thousands of consumers lose as little as a few dollars to as much as their life savings to telephone con artists. The Federal Trade Commission (FTC) encourages you to be skeptical when you hear a phone [&hellip;]<\/p>","protected":false},"author":1,"featured_media":0,"parent":0,"menu_order":0,"comment_status":"closed","ping_status":"closed","template":"","meta":{"_breakdance_hide_in_design_set":false,"_breakdance_tags":"","footnotes":""},"class_list":["post-45","page","type-page","status-publish","hentry"],"_links":{"self":[{"href":"https:\/\/isc-inc.net\/pt\/wp-json\/wp\/v2\/pages\/45","targetHints":{"allow":["GET"]}}],"collection":[{"href":"https:\/\/isc-inc.net\/pt\/wp-json\/wp\/v2\/pages"}],"about":[{"href":"https:\/\/isc-inc.net\/pt\/wp-json\/wp\/v2\/types\/page"}],"author":[{"embeddable":true,"href":"https:\/\/isc-inc.net\/pt\/wp-json\/wp\/v2\/users\/1"}],"replies":[{"embeddable":true,"href":"https:\/\/isc-inc.net\/pt\/wp-json\/wp\/v2\/comments?post=45"}],"version-history":[{"count":8,"href":"https:\/\/isc-inc.net\/pt\/wp-json\/wp\/v2\/pages\/45\/revisions"}],"predecessor-version":[{"id":314,"href":"https:\/\/isc-inc.net\/pt\/wp-json\/wp\/v2\/pages\/45\/revisions\/314"}],"wp:attachment":[{"href":"https:\/\/isc-inc.net\/pt\/wp-json\/wp\/v2\/media?parent=45"}],"curies":[{"name":"wp","href":"https:\/\/api.w.org\/{rel}","templated":true}]}}