{"id":44,"date":"2025-10-13T15:28:51","date_gmt":"2025-10-13T15:28:51","guid":{"rendered":"https:\/\/diligent-pink-penguin.64-191-166-22.cpanel.site\/?page_id=44"},"modified":"2025-11-06T21:03:50","modified_gmt":"2025-11-06T21:03:50","slug":"detection","status":"publish","type":"page","link":"https:\/\/isc-inc.net\/pt\/detection\/","title":{"rendered":"Detec\u00e7\u00e3o"},"content":{"rendered":"<div class='breakdance'><section class=\"bde-section-44-100 bde-section\">\n              \n  \n  \n\t\n\n  <div class=\"section-background-overlay\"><\/div>\n\n\n<div class=\"section-container\"><h1 class=\"bde-heading-44-101 bde-heading page-header\">\nDetec\u00e7\u00e3o\n<\/h1><\/div>\n<\/section><section class=\"bde-section-44-102 bde-section\">\n  \n  \n\t\n\n\n\n<div class=\"section-container\"><h2 class=\"bde-heading-44-103 bde-heading\">\nDetec\u00e7\u00e3o de Falsifica\u00e7\u00f5es\n<\/h2><div class=\"bde-text-44-104 bde-text\">\nA falsifica\u00e7\u00e3o comercial de produtos com marcas registradas e direitos autorais \u00e9 um parasita multimilion\u00e1rio do com\u00e9rcio internacional.<br><br>\n<\/div><div class=\"bde-columns-44-105 bde-columns\"><div class=\"bde-column-44-106 bde-column\">\n  \n  \n\t\n\n\n\n<h2 class=\"bde-heading-44-119 bde-heading\">\nSobre a falsifica\u00e7\u00e3o<br>\n<\/h2><div class=\"bde-text-44-107 bde-text\">\nEstima-se que as perdas anuais com a falsifica\u00e7\u00e3o sejam:<br><br>$600 bilh\u00f5es em todo o mundo<br>$250 bilh\u00f5es somente nos Estados Unidos<br>A ISC estima que o impacto seja superior a 1,4 trilh\u00e3o de d\u00f3lares anualmente em todo o mundo na ind\u00fastria de suprimentos de imagem para seus produtos.\n<\/div>\n<\/div><div class=\"bde-column-44-109 bde-column\">\n  \n  \n\t\n\n\n\n<div class=\"bde-image-44-110 bde-image\">\n<figure class=\"breakdance-image breakdance-image--138\">\n\t<div class=\"breakdance-image-container\">\n\t\t<div class=\"breakdance-image-clip\"><img loading=\"lazy\" decoding=\"async\" class=\"breakdance-image-object\" src=\"https:\/\/isc-inc.net\/wp-content\/uploads\/2025\/10\/counterfeit_manufacturing.jpg\" width=\"300\" height=\"220\" sizes=\"auto, (max-width: 300px) 100vw, 300px\"><\/div>\n\t<\/div><\/figure>\n\n<\/div>\n<\/div><\/div><div class=\"bde-columns-44-120 bde-columns\"><div class=\"bde-column-44-121 bde-column\">\n  \n  \n\t\n\n\n\n<div class=\"bde-image-44-126 bde-image\">\n<figure class=\"breakdance-image breakdance-image--137\">\n\t<div class=\"breakdance-image-container\">\n\t\t<div class=\"breakdance-image-clip\"><img loading=\"lazy\" decoding=\"async\" class=\"breakdance-image-object\" src=\"https:\/\/isc-inc.net\/wp-content\/uploads\/2025\/10\/ink_cartridge_mountain.jpg\" width=\"300\" height=\"225\" sizes=\"auto, (max-width: 300px) 100vw, 300px\"><\/div>\n\t<\/div><\/figure>\n\n<\/div>\n<\/div><div class=\"bde-column-44-125 bde-column\">\n  \n  \n\t\n\n\n\n<h2 class=\"bde-heading-44-122 bde-heading\">\nTodo mundo perde<br>\n<\/h2><div class=\"bde-text-44-123 bde-text\">\nOs fabricantes perdem receita, lucro e fidelidade \u00e0 marca. Os revendedores perdem porque precisam competir com esses produtos ilegais a pre\u00e7os baixos. Os governos perdem com a perda de empregos e a falta de arrecada\u00e7\u00e3o de impostos. E, acima de tudo, os clientes perdem porque n\u00e3o recebem o que pagam.\n<\/div><div class=\"bde-button-44-124 bde-button\">\n    \n                                    \n    \n    \n    \n    \n            \n                    \n            \n            \n\n    \n    \n    \n    \n    \n    <a class=\"breakdance-link button-atom button-atom--primary bde-button__button\" href=\"https:\/\/isc-inc.net\/wp-content\/uploads\/2025\/10\/counterfeiters_flyer1.pdf\" target=\"_self\" data-type=\"url\"  >\n\n    \n        <span class=\"button-atom__text\">Baixe o folheto informativo sobre falsifica\u00e7\u00f5es da ISC.<\/span>\n\n        \n        \n                <\/a>\n\n    \n\n\n<\/div>\n<\/div><\/div><div class=\"bde-columns-44-111 bde-columns\"><div class=\"bde-column-44-112 bde-column\">\n  \n  \n\t\n\n\n\n<h2 class=\"bde-heading-44-113 bde-heading\">\nDefesa contra a produ\u00e7\u00e3o de produtos falsificados<br>\n<\/h2><div class=\"bde-rich-text-44-118 bde-rich-text breakdance-rich-text-styles\">\n<p>Devido \u00e0 tecnologia atualmente dispon\u00edvel para os falsificadores, pode ser dif\u00edcil distinguir produtos falsificados de produtos genu\u00ednos. Consequentemente, recomendamos que voc\u00ea preste muita aten\u00e7\u00e3o aos 5 Ps abaixo:<\/p>\n<ol>\n<li><strong>Pessoa:<\/strong>\u00a0A ISC recomenda fortemente que voc\u00ea compre suprimentos de imagem do fabricante original (OEM) ou de um de seus revendedores autorizados. Esta \u00e9 a melhor maneira de garantir que voc\u00ea esteja comprando produtos genu\u00ednos.<\/li>\n<li><strong>Pre\u00e7o:<\/strong>\u00a0Se o pre\u00e7o de compra do produto for substancialmente inferior ao pre\u00e7o de mercado ou parecer uma oferta boa demais para ser verdade, o produto pode n\u00e3o ser leg\u00edtimo. O ISC recomenda muita cautela nessas situa\u00e7\u00f5es.<\/li>\n<li><strong>Lugar:<\/strong>\u00a0 Tenha cautela se a forma ou o local da oferta forem diferentes do processo normal de transa\u00e7\u00f5es comerciais ou de consumo.<\/li>\n<li><strong>Embalagem:\u00a0<\/strong>\u00a0Esteja atento a qualquer discrep\u00e2ncia na cor, na qualidade dos materiais e a erros ortogr\u00e1ficos na embalagem. Muitos fabricantes de equipamentos originais (OEMs) utilizam um holograma de autentica\u00e7\u00e3o do produto ou uma etiqueta com mudan\u00e7a de cor na embalagem para auxiliar na verifica\u00e7\u00e3o. Familiarize-se com os recursos utilizados pela sua marca preferida e verifique se eles est\u00e3o presentes.<\/li>\n<li><strong>Desempenho:<\/strong>\u00a0 Se voc\u00ea notar alguma varia\u00e7\u00e3o significativa no desempenho do produto em compara\u00e7\u00e3o com experi\u00eancias anteriores, ou defeitos \u00f3bvios de qualidade, como odor ou vazamento, o produto pode n\u00e3o ser original.<\/li>\n<\/ol>\n<\/div><div class=\"bde-button-44-127 bde-button\">\n    \n                                    \n    \n    \n    \n    \n            \n                    \n            \n            \n\n    \n    \n    \n    \n    \n    <a class=\"breakdance-link button-atom button-atom--primary bde-button__button\" href=\"https:\/\/isc-inc.net\/wp-content\/uploads\/2025\/10\/counterfeit_product_defense_brochure.pdf\" target=\"_self\" data-type=\"url\"  >\n\n    \n        <span class=\"button-atom__text\">Baixe a brochura de defesa contra produtos falsificados do ISC.<\/span>\n\n        \n        \n                <\/a>\n\n    \n\n\n<\/div>\n<\/div><\/div><div class=\"bde-columns-44-128 bde-columns\"><div class=\"bde-column-44-129 bde-column\">\n  \n  \n\t\n\n\n\n<h2 class=\"bde-heading-44-130 bde-heading\">\nSites de informa\u00e7\u00f5es sobre falsifica\u00e7\u00e3o de empresas membros<br>\n<\/h2><div class=\"bde-rich-text-44-131 bde-rich-text breakdance-rich-text-styles\">\n<div class=\"content-area container\">\n<div class=\"row\">\n<div class=\"column col-xs-12 col-sm-12 col-md-12 col-lg-12\">\n<div id=\"region_12\" class=\"region editable-region\">\n<p>Algumas de nossas empresas associadas criaram se\u00e7\u00f5es de seus sites dedicadas ao combate \u00e0 fraude e \u00e0 falsifica\u00e7\u00e3o. Consulte os links a seguir para obter informa\u00e7\u00f5es espec\u00edficas de cada associado:<\/p>\n<\/div>\n<\/div>\n<\/div>\n<\/div>\n<div class=\"company-list content-area container\">\n<div class=\"row\">\n<div class=\"column col-xs-12 col-sm-12 col-md-6 col-lg-6\">\n<div id=\"region_7\" class=\"region editable-region\">\n<p><a href=\"https:\/\/www.brother-usa.com\/supplies\/ink-and-toner\/security#.UlcSFenD-70\" target=\"_blank\" rel=\"noopener\">Sistema de autentica\u00e7\u00e3o Brother<\/a><\/p>\n<\/div>\n<div id=\"region_11\" class=\"region editable-region\">\n<p><a href=\"https:\/\/www.lexmark.com\/en_us\/products\/supplies-and-accessories\/brand-protection.html\" target=\"_blank\" rel=\"noopener\">Autentica\u00e7\u00e3o de cartuchos Lexmark<\/a><\/p>\n<\/div>\n<div id=\"region_10\" class=\"region editable-region\">\n<p><a href=\"https:\/\/www.usa.canon.com\/internet\/portal\/us\/home\/explore\/product-showcases\/about-counterfeits\" target=\"_blank\" rel=\"noopener\">Canon Anti-falsifica\u00e7\u00e3o<\/a><\/p>\n<\/div>\n<\/div>\n<div class=\"column col-xs-12 col-sm-12 col-md-6 col-lg-6\">\n<div id=\"region_0\" class=\"region editable-region\">\n<p><a href=\"http:\/\/www8.hp.com\/us\/en\/cartridge\/anti-counterfeit.html\" target=\"_blank\" rel=\"noopener\">HP anti-falsifica\u00e7\u00e3o<\/a><\/p>\n<\/div>\n<div id=\"region_13\" class=\"region editable-region\">\n<p><a href=\"https:\/\/www.xerox.com\/printer-supplies\/brand-protection\/enus.html\" target=\"_blank\" rel=\"noopener\">Xerox Anti-falsifica\u00e7\u00e3o<\/a><\/p>\n<\/div>\n<\/div>\n<\/div>\n<\/div>\n<\/div>\n<\/div><\/div><\/div>\n<\/section><\/div>","protected":false},"excerpt":{"rendered":"<p>Detection Counterfeit Detection Commercial product counterfeiting of trademarked and copyrighted merchandise is a multi-billion dollar parasite on international business. About Counterfeiting Annual counterfeiting loses are estimated to be:$600 Billion Worldwide$250 Billion in the United States aloneThe ISC estimates the impact to be over $3 billion annually worldwide in the Imaging Supplies Industry for their products. [&hellip;]<\/p>","protected":false},"author":1,"featured_media":0,"parent":0,"menu_order":0,"comment_status":"closed","ping_status":"closed","template":"","meta":{"_breakdance_hide_in_design_set":false,"_breakdance_tags":"","footnotes":""},"class_list":["post-44","page","type-page","status-publish","hentry"],"_links":{"self":[{"href":"https:\/\/isc-inc.net\/pt\/wp-json\/wp\/v2\/pages\/44","targetHints":{"allow":["GET"]}}],"collection":[{"href":"https:\/\/isc-inc.net\/pt\/wp-json\/wp\/v2\/pages"}],"about":[{"href":"https:\/\/isc-inc.net\/pt\/wp-json\/wp\/v2\/types\/page"}],"author":[{"embeddable":true,"href":"https:\/\/isc-inc.net\/pt\/wp-json\/wp\/v2\/users\/1"}],"replies":[{"embeddable":true,"href":"https:\/\/isc-inc.net\/pt\/wp-json\/wp\/v2\/comments?post=44"}],"version-history":[{"count":7,"href":"https:\/\/isc-inc.net\/pt\/wp-json\/wp\/v2\/pages\/44\/revisions"}],"predecessor-version":[{"id":322,"href":"https:\/\/isc-inc.net\/pt\/wp-json\/wp\/v2\/pages\/44\/revisions\/322"}],"wp:attachment":[{"href":"https:\/\/isc-inc.net\/pt\/wp-json\/wp\/v2\/media?parent=44"}],"curies":[{"name":"wp","href":"https:\/\/api.w.org\/{rel}","templated":true}]}}