{"id":43,"date":"2025-10-13T15:28:51","date_gmt":"2025-10-13T15:28:51","guid":{"rendered":"https:\/\/diligent-pink-penguin.64-191-166-22.cpanel.site\/?page_id=43"},"modified":"2025-11-06T21:11:50","modified_gmt":"2025-11-06T21:11:50","slug":"links","status":"publish","type":"page","link":"https:\/\/isc-inc.net\/pt\/links\/","title":{"rendered":"Links"},"content":{"rendered":"<div class='breakdance'><section class=\"bde-section-43-102 bde-section\">\n              \n  \n  \n\t\n\n  <div class=\"section-background-overlay\"><\/div>\n\n\n<div class=\"section-container\"><h1 class=\"bde-heading-43-103 bde-heading page-header\">\nLinks\n<\/h1><\/div>\n<\/section><section class=\"bde-section-43-100 bde-section\">\n  \n  \n\t\n\n\n\n<div class=\"section-container\"><div class=\"bde-code-block-43-101 bde-code-block\">\n\n  <div class=\"container\" style=\"display: block; padding-top: 50px;\"> <div class=\"row\" style=\"\"> <div class=\"column col-xs-12 col-sm-12 col-md-12 col-lg-12\"> <div class=\"region editable-region\" id=\"region_14\"><h1>Links de interesse<\/h1><p>Por favor, consulte os links abaixo, que cont\u00eam recursos \u00fateis para o combate \u00e0 falsifica\u00e7\u00e3o.<\/p><\/div> <\/div> <\/div> <\/div> <div class=\"container\" style=\"display: block; padding-top: 50px;\"> <div class=\"row\" style=\"\"> <div class=\"column col-xs-12 col-sm-12 col-md-12 col-lg-12\"> <div class=\"region editable-region\" id=\"region_1\"><div><h3><a href=\"http:\/\/www.theglobalipcenter.com\" target=\"_blank\" title=\"Centro Global de Propriedade Intelectual\">Centro Global de Propriedade Intelectual<\/a><\/h3><p>A coliga\u00e7\u00e3o est\u00e1 empenhada em aumentar a compreens\u00e3o do impacto negativo da contrafa\u00e7\u00e3o e da pirataria e em encontrar solu\u00e7\u00f5es reais, trabalhando com governos, ind\u00fastria, formadores de opini\u00e3o, meios de comunica\u00e7\u00e3o e consumidores.<\/p><\/div><\/div> <\/div> <\/div> <\/div> <div class=\"container\" style=\"display: block; padding-top: 50px;\"> <div class=\"row\" style=\"\"> <div class=\"column col-xs-12 col-sm-12 col-md-12 col-lg-12\"> <div class=\"region editable-region\" id=\"region_3\"><h3><a href=\"http:\/\/www.iacc.org\/\" target=\"_blank\" title=\"A Coaliz\u00e3o Internacional Anticontrafa\u00e7\u00e3o (IACC)\">A Coaliz\u00e3o Internacional Anticontrafa\u00e7\u00e3o (IACC)<\/a><\/h3><p>A IACC \u00e9 a maior organiza\u00e7\u00e3o sem fins lucrativos do mundo dedicada exclusivamente \u00e0 prote\u00e7\u00e3o da propriedade intelectual e ao combate \u00e0 falsifica\u00e7\u00e3o.<\/p><div>&nbsp;<\/div><\/div> <\/div> <\/div> <\/div> <div class=\"container\" style=\"display: block; padding-top: 50px;\"> <div class=\"row\" style=\"\"> <div class=\"column col-xs-12 col-sm-12 col-md-12 col-lg-12\"> <div class=\"region editable-region\" id=\"region_2\"><h3><a href=\"http:\/\/www.cbp.gov\/\" target=\"_blank\" title=\"Alf\u00e2ndega e Prote\u00e7\u00e3o de Fronteiras dos EUA (CBP)\">Alf\u00e2ndega e Prote\u00e7\u00e3o de Fronteiras dos EUA (CBP)<\/a><\/h3><div><p>A CBP \u00e9 a ag\u00eancia unificada de fronteiras dos Estados Unidos. Este site oficial oferece uma vis\u00e3o completa da estrat\u00e9gia, atividades e realiza\u00e7\u00f5es da ag\u00eancia.<\/p><\/div><\/div> <\/div> <\/div> <\/div> <div class=\"container\" style=\"display: block; padding-top: 50px;\"> <div class=\"row\" style=\"\"> <div class=\"column col-xs-12 col-sm-12 col-md-12 col-lg-12\"> <div class=\"region editable-region\" id=\"region_4\"><div><h3><a href=\"https:\/\/www.ftc.gov\/bcp\/index.shtml\" target=\"_blank\" title=\"Comiss\u00e3o Federal de Com\u00e9rcio (FTC), Departamento de Prote\u00e7\u00e3o ao Consumidor\">Comiss\u00e3o Federal de Com\u00e9rcio (FTC), Departamento de Prote\u00e7\u00e3o ao Consumidor<\/a><\/h3><p>O site do Bureau de Prote\u00e7\u00e3o ao Consumidor da FTC (Comiss\u00e3o Federal de Com\u00e9rcio dos EUA) oferece dicas para que o consumidor se proteja contra fraudes, enganos e pr\u00e1ticas comerciais desleais.<\/p><\/div><\/div> <\/div> <\/div> <\/div> <div class=\"container\" style=\"display: block; padding-top: 50px;\"> <div class=\"row\" style=\"\"> <div class=\"column col-xs-12 col-sm-12 col-md-12 col-lg-12\"> <div class=\"region editable-region\" id=\"region_5\"><div><h3><a href=\"http:\/\/www.ice.gov\/\" target=\"_blank\" title=\"Servi\u00e7o de Imigra\u00e7\u00e3o e Alf\u00e2ndega dos EUA (ICE)\">Servi\u00e7o de Imigra\u00e7\u00e3o e Alf\u00e2ndega dos EUA (ICE)<\/a><\/h3><p>O site oficial do ICE oferece uma vis\u00e3o geral completa da estrat\u00e9gia, das atividades e das realiza\u00e7\u00f5es da ag\u00eancia.<\/p><\/div><\/div> <\/div> <\/div> <\/div> <div class=\"container\" style=\"display: block; padding-top: 50px;\"> <div class=\"row\" style=\"\"> <div class=\"column col-xs-12 col-sm-12 col-md-12 col-lg-12\"> <div class=\"region editable-region\" id=\"region_6\"><div><h3><a href=\"http:\/\/www.ice.gov\/iprcenter\/\" target=\"_blank\" title=\"Centro Nacional de Coordena\u00e7\u00e3o de Direitos Intelectuais\">Centro Nacional de Coordena\u00e7\u00e3o de Direitos Intelectuais<\/a><\/h3><p>O Centro Nacional de Coordena\u00e7\u00e3o dos Direitos de Propriedade Intelectual \u00e9 a mais recente arma do governo dos EUA na luta contra as viola\u00e7\u00f5es das leis de propriedade intelectual.<\/p><\/div><\/div> <\/div> <\/div> <\/div> <div class=\"container\" style=\"display: block; padding-top: 50px;\"> <div class=\"row\" style=\"\"> <div class=\"column col-xs-12 col-sm-12 col-md-12 col-lg-12\"> <div class=\"region editable-region\" id=\"region_7\"><h3><a href=\"http:\/\/www.icce.net\/\" target=\"_blank\" title=\"Coliga\u00e7\u00e3o Europeia de Consum\u00edveis de Imagem (ICCE)\">Coliga\u00e7\u00e3o Europeia de Consum\u00edveis de Imagem (ICCE)<\/a><\/h3><div><p>A Coliga\u00e7\u00e3o de Fornecedores de Imagem da Europa foi formada para impedir que produtos falsificados de fornecimento de equipamentos de imagem entrem na cadeia de suprimentos na regi\u00e3o EMEA.&nbsp;<br>Visite este site para saber mais sobre as atividades do ICCE.<\/p><\/div><\/div> <\/div> <\/div> <\/div> <div class=\"container\" style=\"display: block; padding-top: 50px;\"> <div class=\"row\" style=\"\"> <div class=\"column col-xs-12 col-sm-12 col-md-12 col-lg-12\"> <div class=\"region editable-region\" id=\"region_8\"><div><h3><a href=\"http:\/\/agmaglobal.org\/\" target=\"_blank\" title=\"Alian\u00e7a para o Mercado Cinza e o Combate \u00e0 Falsifica\u00e7\u00e3o (AGMA)\">Alian\u00e7a para o Mercado Cinza e o Combate \u00e0 Falsifica\u00e7\u00e3o (AGMA)<\/a><\/h3><p>A AGMA \u00e9 uma iniciativa estrat\u00e9gica de empresas l\u00edderes em alta tecnologia para lidar com o impacto do mercado paralelo e dos produtos falsificados na ind\u00fastria de tecnologia.<\/p><\/div><\/div> <\/div> <\/div> <\/div> <div class=\"container\" style=\"display: block; padding-top: 50px;\"> <div class=\"row\" style=\"\"> <div class=\"column col-xs-12 col-sm-12 col-md-12 col-lg-12\"> <div class=\"region editable-region\" id=\"region_9\"><div><h3><a href=\"http:\/\/www.iccwbo.org\/bascap\/id1127\/index.html\" target=\"_blank\" title=\"A\u00e7\u00e3o Empresarial para Combater a Falsifica\u00e7\u00e3o e a Pirataria (BASCAP)\">A\u00e7\u00e3o Empresarial para Combater a Falsifica\u00e7\u00e3o e a Pirataria (BASCAP)<\/a><\/h3><p>A BASCAP une a comunidade empresarial global para abordar de forma eficaz as quest\u00f5es de propriedade intelectual.<\/p><\/div><\/div> <\/div> <\/div> <\/div> <div class=\"container\" style=\"display: block; padding-top: 50px;\"> <div class=\"row\" style=\"\"> <div class=\"column col-xs-12 col-sm-12 col-md-12 col-lg-12\"> <div class=\"region editable-region\" id=\"region_10\"><div><h3>&nbsp;<\/h3><\/div><\/div> <\/div> <\/div> <\/div> <div class=\"container\" style=\"display: block; padding-top: 50px;\"> <div class=\"row\" style=\"\"> <div class=\"column col-xs-12 col-sm-12 col-md-12 col-lg-12\"> <div class=\"region editable-region\" id=\"region_11\"><div><h3><a href=\"http:\/\/www.qbpc.org.cn\/\" target=\"_blank\" title=\"Comit\u00ea de Prote\u00e7\u00e3o de Marcas de Qualidade (QBCC)\">Comit\u00ea de Prote\u00e7\u00e3o de Marcas de Qualidade (QBCC)<\/a><\/h3><p>A QBPC \u00e9 uma coaliz\u00e3o de propriet\u00e1rios de marcas que atuam na China e que visam contribuir positivamente para a prote\u00e7\u00e3o da propriedade intelectual no pa\u00eds.<\/p><\/div><\/div> <\/div> <\/div> <\/div> <div class=\"container\" style=\"display: block; padding-top: 50px; padding-bottom: 50px;\"> <div class=\"row\" style=\"\"> <div class=\"column col-xs-12 col-sm-12 col-md-12 col-lg-12\"> <div class=\"region editable-region\" id=\"region_12\"><div><h3><a href=\"http:\/\/www.iccwbo.org\/policy\/ip\/id3060\/index.html\" target=\"_blank\" title=\"Centro de Propriedade Intelectual da C\u00e2mara de Com\u00e9rcio Internacional (ICC)\">Centro de Propriedade Intelectual da C\u00e2mara de Com\u00e9rcio Internacional (ICC)<\/a><\/h3><p>A Comiss\u00e3o de Propriedade Intelectual da ICC contribui com perspectivas do mundo empresarial sobre quest\u00f5es e debates importantes relacionados \u00e0 propriedade intelectual.<\/p><\/div><\/div> <\/div> <\/div> <\/div>\n\n\n<\/div><\/div>\n<\/section><\/div>","protected":false},"excerpt":{"rendered":"<p>Links Links of InterestPlease review the links below, all of which contain useful anti-counterfeiting resources. Global Intellectual Property CenterThe coalition is committed to increasing the understanding of the negative impact of counterfeiting and piracy and to finding real solutions by working with governments, industry, opinion leaders, the media, and consumers. The International Anti Counterfeiting Coalition [&hellip;]<\/p>","protected":false},"author":1,"featured_media":0,"parent":0,"menu_order":0,"comment_status":"closed","ping_status":"closed","template":"","meta":{"_breakdance_hide_in_design_set":false,"_breakdance_tags":"","footnotes":""},"class_list":["post-43","page","type-page","status-publish","hentry"],"_links":{"self":[{"href":"https:\/\/isc-inc.net\/pt\/wp-json\/wp\/v2\/pages\/43","targetHints":{"allow":["GET"]}}],"collection":[{"href":"https:\/\/isc-inc.net\/pt\/wp-json\/wp\/v2\/pages"}],"about":[{"href":"https:\/\/isc-inc.net\/pt\/wp-json\/wp\/v2\/types\/page"}],"author":[{"embeddable":true,"href":"https:\/\/isc-inc.net\/pt\/wp-json\/wp\/v2\/users\/1"}],"replies":[{"embeddable":true,"href":"https:\/\/isc-inc.net\/pt\/wp-json\/wp\/v2\/comments?post=43"}],"version-history":[{"count":4,"href":"https:\/\/isc-inc.net\/pt\/wp-json\/wp\/v2\/pages\/43\/revisions"}],"predecessor-version":[{"id":328,"href":"https:\/\/isc-inc.net\/pt\/wp-json\/wp\/v2\/pages\/43\/revisions\/328"}],"wp:attachment":[{"href":"https:\/\/isc-inc.net\/pt\/wp-json\/wp\/v2\/media?parent=43"}],"curies":[{"name":"wp","href":"https:\/\/api.w.org\/{rel}","templated":true}]}}