{"id":42,"date":"2025-10-13T15:28:51","date_gmt":"2025-10-13T15:28:51","guid":{"rendered":"https:\/\/diligent-pink-penguin.64-191-166-22.cpanel.site\/?page_id=42"},"modified":"2025-11-06T21:11:30","modified_gmt":"2025-11-06T21:11:30","slug":"isc-programs","status":"publish","type":"page","link":"https:\/\/isc-inc.net\/pt\/isc-programs\/","title":{"rendered":"Programas ISC"},"content":{"rendered":"<div class='breakdance'><section class=\"bde-section-42-100 bde-section\">\n              \n  \n  \n\t\n\n  <div class=\"section-background-overlay\"><\/div>\n\n\n<div class=\"section-container\"><h1 class=\"bde-heading-42-101 bde-heading page-header\">\nProgramas ISC\n<\/h1><\/div>\n<\/section><section class=\"bde-section-42-102 bde-section\">\n  \n  \n\t\n\n\n\n<div class=\"section-container\"><h2 class=\"bde-heading-42-103 bde-heading\">\nProgramas ISC\n<\/h2><div class=\"bde-text-42-104 bde-text\">\nDesde a sua cria\u00e7\u00e3o em 1994, o ISC alcan\u00e7ou muito no combate \u00e0 falsifica\u00e7\u00e3o e \u00e0 fraude, consolidando-se como uma for\u00e7a internacional na ind\u00fastria de suprimentos para imagem, bem como uma organiza\u00e7\u00e3o l\u00edder na prote\u00e7\u00e3o da propriedade intelectual.<br><br>\n<\/div><div class=\"bde-columns-42-105 bde-columns\"><div class=\"bde-column-42-106 bde-column\">\n  \n  \n\t\n\n\n\n<h2 class=\"bde-heading-42-119 bde-heading\">\nConfer\u00eancia do setor\n<\/h2><div class=\"bde-text-42-107 bde-text\">\nA ISC realiza confer\u00eancias internacionais bianuais sobre fraude e falsifica\u00e7\u00e3o na ind\u00fastria de suprimentos de imagem. A confer\u00eancia de 2018 da ISC contou recentemente com a presen\u00e7a de 65 profissionais representando 10 pa\u00edses. A pr\u00f3xima confer\u00eancia da ISC ser\u00e1 realizada em 2020.<br>\n<\/div>\n<\/div><div class=\"bde-column-42-109 bde-column\">\n  \n  \n\t\n\n\n\n<div class=\"bde-image-42-110 bde-image\">\n<figure class=\"breakdance-image breakdance-image--30\">\n\t<div class=\"breakdance-image-container\">\n\t\t<div class=\"breakdance-image-clip\"><img loading=\"lazy\" decoding=\"async\" class=\"breakdance-image-object\" src=\"https:\/\/isc-inc.net\/wp-content\/uploads\/2025\/10\/iscprograms.jpg\" width=\"300\" height=\"221\" sizes=\"auto, (max-width: 300px) 100vw, 300px\"><\/div>\n\t<\/div><\/figure>\n\n<\/div>\n<\/div><\/div><div class=\"bde-columns-42-111 bde-columns\"><div class=\"bde-column-42-112 bde-column\">\n  \n  \n\t\n\n\n\n<h2 class=\"bde-heading-42-113 bde-heading\">\nPorta-voz da ind\u00fastria\n<\/h2><div class=\"bde-text-42-114 bde-text\">\nO ISC fez apresenta\u00e7\u00f5es na maioria das principais confer\u00eancias internacionais do setor, incluindo: Business Products Industry Association, Business Technology Association, CAP Ventures EUA e Jap\u00e3o, COMDEX, CeBIT, LYRA, ITC, ITEX, ReMax World Summit, Asian Imaging Forum, Paper World e muitas confer\u00eancias nacionais e internacionais de revendedores. Fora do setor, apresenta\u00e7\u00f5es foram feitas em confer\u00eancias patrocinadas pela C\u00e2mara de Com\u00e9rcio Internacional, Reconnaissance International, IACC, PIRA, PISEC, RIT Secure Print Conference, American Society for Industrial Security e National Intellectual Property Law Institute.<br><br>Entre em contato conosco caso tenha interesse em uma apresenta\u00e7\u00e3o do ISC em seu programa.\n<\/div>\n<\/div><\/div><div class=\"bde-columns-42-115 bde-columns\"><div class=\"bde-column-42-116 bde-column\">\n  \n  \n\t\n\n\n\n<h2 class=\"bde-heading-42-117 bde-heading\">\nFraude por telemarketing\n<\/h2><div class=\"bde-rich-text-42-118 bde-rich-text breakdance-rich-text-styles\">\n<p>O ISC foi nomeado Parceiro em Educa\u00e7\u00e3o do Consumidor pela Comiss\u00e3o Federal de Com\u00e9rcio (FTC) e Parceiro em Educa\u00e7\u00e3o pela Associa\u00e7\u00e3o de Tecnologia Empresarial (BTA). Em colabora\u00e7\u00e3o com a FTC, o Better Business Bureau e a BTA, o ISC desenvolveu e implementou um processo de circuito fechado para o registro de incidentes e um pacote de educa\u00e7\u00e3o para o usu\u00e1rio final sobre como evitar golpes de telemarketing.\u00a0<\/p>\n<p>Por favor\u00a0<a href=\"\/pt\/protection\/fraud-protection\/\">Clique aqui<\/a>\u00a0Para consultar nossas informa\u00e7\u00f5es sobre preven\u00e7\u00e3o de fraudes.<\/p>\n<\/div>\n<\/div><\/div><div class=\"bde-columns-42-120 bde-columns\"><div class=\"bde-column-42-121 bde-column\">\n  \n  \n\t\n\n\n\n<h2 class=\"bde-heading-42-122 bde-heading\">\nEduca\u00e7\u00e3o em Alf\u00e2ndega e Aplica\u00e7\u00e3o da Lei \n<\/h2><div class=\"bde-rich-text-42-123 bde-rich-text breakdance-rich-text-styles\">\n<p>Em coopera\u00e7\u00e3o com a CBP, especialmente com o Centro de Excel\u00eancia e Especializa\u00e7\u00e3o em Maquinaria, o ISC realiza sess\u00f5es de treinamento em portos de interesse e por meio de webinars nacionais. Centenas de agentes alfandeg\u00e1rios e especialistas em importa\u00e7\u00e3o recebem esse treinamento anualmente. O Conselho do ISC se re\u00fane trimestralmente com o Centro de Excel\u00eancia e Especializa\u00e7\u00e3o em Maquinaria para trocar informa\u00e7\u00f5es sobre alvos, monitorar o progresso e os problemas e desenvolver planos para aprimorar a fiscaliza\u00e7\u00e3o. Essa rela\u00e7\u00e3o \u00e9 de vital import\u00e2ncia para os esfor\u00e7os do ISC.\u00a0<\/p>\n<\/div>\n<\/div><\/div><div class=\"bde-columns-42-124 bde-columns\"><div class=\"bde-column-42-125 bde-column\">\n  \n  \n\t\n\n\n\n<h2 class=\"bde-heading-42-126 bde-heading\">\nReconhecimento\n<\/h2><div class=\"bde-rich-text-42-127 bde-rich-text breakdance-rich-text-styles\">\n<p>O ISC testemunhou em apoio \u00e0 legisla\u00e7\u00e3o iniciada pela IACC e foi reconhecido como um importante contribuinte para a aprova\u00e7\u00e3o da Lei de Prote\u00e7\u00e3o ao Consumidor contra a Falsifica\u00e7\u00e3o de 1996 pela Coaliz\u00e3o Internacional contra a Falsifica\u00e7\u00e3o (IACC). A Sociedade Americana de Executivos de Associa\u00e7\u00f5es (ASAE) concedeu ao ISC o pr\u00eamio Golden Shoe String pela excel\u00eancia em comunica\u00e7\u00e3o com um or\u00e7amento muito limitado. Em janeiro de 1999, a Coaliz\u00e3o foi reconhecida com um Pr\u00eamio Global de Combate \u00e0 Falsifica\u00e7\u00e3o pela Authentication News por uma Conquista Excepcional de uma Associa\u00e7\u00e3o. Tamb\u00e9m em 1999, a Coaliz\u00e3o foi eleita para a Lista de Honra da Association Advance America por dois de seus programas: &quot;Em caso de d\u00favida... verifique&quot; e &quot;Processo e Educa\u00e7\u00e3o contra Fraudes em Telemarketing&quot;. Em 2020, o ISC recebeu o Pr\u00eamio de Combate \u00e0 Falsifica\u00e7\u00e3o da RT Media durante a Asian Expo pelo quinto ano consecutivo. O pr\u00eamio reconhece a organiza\u00e7\u00e3o que mais se destacou globalmente no combate \u00e0 falsifica\u00e7\u00e3o na ind\u00fastria de suprimentos de imagem. Diversos membros do conselho da ISC foram reconhecidos por grupos do setor com pr\u00eamios por suas realiza\u00e7\u00f5es e por fazerem a diferen\u00e7a.<\/p>\n<\/div>\n<\/div><\/div><\/div>\n<\/section><\/div>","protected":false},"excerpt":{"rendered":"<p>ISC Programs ISC Programs Since its inception in 1994, the ISC has accomplished a great deal in combating counterfeiting and fraud and has established itself as an international force in the Imaging Supplies Industry as well as a leading organization in Intellectual Property protection. Industry Conference The ISC conducts a biannual International Conferences on Fraud [&hellip;]<\/p>","protected":false},"author":1,"featured_media":0,"parent":0,"menu_order":0,"comment_status":"closed","ping_status":"closed","template":"","meta":{"_breakdance_hide_in_design_set":false,"_breakdance_tags":"","footnotes":""},"class_list":["post-42","page","type-page","status-publish","hentry"],"_links":{"self":[{"href":"https:\/\/isc-inc.net\/pt\/wp-json\/wp\/v2\/pages\/42","targetHints":{"allow":["GET"]}}],"collection":[{"href":"https:\/\/isc-inc.net\/pt\/wp-json\/wp\/v2\/pages"}],"about":[{"href":"https:\/\/isc-inc.net\/pt\/wp-json\/wp\/v2\/types\/page"}],"author":[{"embeddable":true,"href":"https:\/\/isc-inc.net\/pt\/wp-json\/wp\/v2\/users\/1"}],"replies":[{"embeddable":true,"href":"https:\/\/isc-inc.net\/pt\/wp-json\/wp\/v2\/comments?post=42"}],"version-history":[{"count":4,"href":"https:\/\/isc-inc.net\/pt\/wp-json\/wp\/v2\/pages\/42\/revisions"}],"predecessor-version":[{"id":316,"href":"https:\/\/isc-inc.net\/pt\/wp-json\/wp\/v2\/pages\/42\/revisions\/316"}],"wp:attachment":[{"href":"https:\/\/isc-inc.net\/pt\/wp-json\/wp\/v2\/media?parent=42"}],"curies":[{"name":"wp","href":"https:\/\/api.w.org\/{rel}","templated":true}]}}