{"id":40,"date":"2025-10-13T15:28:51","date_gmt":"2025-10-13T15:28:51","guid":{"rendered":"https:\/\/diligent-pink-penguin.64-191-166-22.cpanel.site\/?page_id=40"},"modified":"2025-11-06T21:10:43","modified_gmt":"2025-11-06T21:10:43","slug":"about-isc","status":"publish","type":"page","link":"https:\/\/isc-inc.net\/pt\/about-isc\/","title":{"rendered":"Sobre"},"content":{"rendered":"<div class='breakdance'><section class=\"bde-section-40-100 bde-section\">\n              \n  \n  \n\t\n\n  <div class=\"section-background-overlay\"><\/div>\n\n\n<div class=\"section-container\"><h1 class=\"bde-heading-40-104 bde-heading page-header\">\nSobre ISC\n<\/h1><\/div>\n<\/section><section class=\"bde-section-40-102 bde-section\">\n  \n  \n\t\n\n\n\n<div class=\"section-container\"><h2 class=\"bde-heading-40-103 bde-heading\">\nSobre a Imaging Supplies Coalition\n<\/h2><div class=\"bde-text-40-105 bde-text\">\nSomos uma organiza\u00e7\u00e3o dedicada a educar, capacitar e proteger os consumidores para combater a falsifica\u00e7\u00e3o e a fraude na ind\u00fastria de suprimentos de imagem.<br><br>\n<\/div><div class=\"bde-columns-40-106 bde-columns\"><div class=\"bde-column-40-107 bde-column\">\n  \n  \n\t\n\n\n\n<div class=\"bde-text-40-109 bde-text\">\nA Imaging Supplies Coalition (ISC) \u00e9 uma associa\u00e7\u00e3o comercial sem fins lucrativos composta por fabricantes de equipamentos originais (OEMs) de suprimentos de imagem consum\u00edveis (fitas, toner, tintas, cartuchos, etc.) e equipamentos que se uniram para proteger seus clientes, combatendo atividades ilegais na ind\u00fastria de suprimentos de imagem.<br><br>Os membros da coaliz\u00e3o incluem a Brother International Corporation, a Canon USA, Inc., a Epson America Inc., a HP, Inc., a Lexmark International, Inc. e a Xerox Corporation.\n<\/div><div class=\"bde-button-40-110 bde-button\">\n    \n                                    \n    \n    \n    \n    \n            \n                    \n            \n            \n\n    \n    \n    \n    \n    \n    <a class=\"breakdance-link button-atom button-atom--primary bde-button__button\" href=\"https:\/\/isc-inc.net\/wp-content\/uploads\/2025\/10\/isc_brochure.pdf\" target=\"_self\" data-type=\"url\"  >\n\n    \n        <span class=\"button-atom__text\">Baixe a brochura do ISC<\/span>\n\n        \n        \n                <\/a>\n\n    \n\n\n<\/div>\n<\/div><div class=\"bde-column-40-108 bde-column\">\n  \n  \n\t\n\n\n\n<div class=\"bde-image-40-111 bde-image\">\n<figure class=\"breakdance-image breakdance-image--28\">\n\t<div class=\"breakdance-image-container\">\n\t\t<div class=\"breakdance-image-clip\"><img loading=\"lazy\" decoding=\"async\" class=\"breakdance-image-object\" src=\"https:\/\/isc-inc.net\/wp-content\/uploads\/2025\/10\/cmyk_ink.jpg\" width=\"313\" height=\"209\" srcset=\"https:\/\/isc-inc.net\/wp-content\/uploads\/2025\/10\/cmyk_ink.jpg 313w, https:\/\/isc-inc.net\/wp-content\/uploads\/2025\/10\/cmyk_ink-300x200.jpg 300w\" sizes=\"auto, (max-width: 313px) 100vw, 313px\"><\/div>\n\t<\/div><\/figure>\n\n<\/div>\n<\/div><\/div><div class=\"bde-columns-40-115 bde-columns\"><div class=\"bde-column-40-121 bde-column\">\n  \n  \n\t\n\n\n\n<h2 class=\"bde-heading-40-122 bde-heading\">\nNossa miss\u00e3o\n<\/h2><div class=\"bde-text-40-123 bde-text\">\nA miss\u00e3o do ISC \u00e9 proteger os clientes de nossos membros contra produtos e servi\u00e7os apresentados de forma enganosa, buscando a prote\u00e7\u00e3o mundial da propriedade intelectual e ativos relacionados dos distribuidores, fornecedores e fabricantes da ind\u00fastria de suprimentos para imagem.<br><br>Isso \u00e9 alcan\u00e7ado por meio de treinamento e educa\u00e7\u00e3o em identifica\u00e7\u00e3o de produtos falsificados, m\u00e9todos de seguran\u00e7a de produtos, t\u00e9cnicas para evitar fraudes em telemarketing e com\u00e9rcio eletr\u00f4nico, e pela promo\u00e7\u00e3o de leis e sua aplica\u00e7\u00e3o.\n<\/div>\n<\/div><\/div><div class=\"bde-columns-40-124 bde-columns\"><div class=\"bde-column-40-125 bde-column\">\n  \n  \n\t\n\n\n\n<h2 class=\"bde-heading-40-126 bde-heading\">\nProgramas ISC\n<\/h2><div class=\"bde-rich-text-40-128 bde-rich-text breakdance-rich-text-styles\">\n<p>Desde a sua cria\u00e7\u00e3o em 1994, o ISC alcan\u00e7ou muito no combate \u00e0 falsifica\u00e7\u00e3o e \u00e0 fraude, consolidando-se como uma for\u00e7a internacional na ind\u00fastria de suprimentos para imagem, bem como uma organiza\u00e7\u00e3o l\u00edder na prote\u00e7\u00e3o da propriedade intelectual.<\/p>\n<p>Desde a cria\u00e7\u00e3o de um programa de autentica\u00e7\u00e3o de produtos \u00fanico e altamente eficiente e a publica\u00e7\u00e3o de centenas de artigos sobre t\u00f3picos relacionados \u00e0 falsifica\u00e7\u00e3o at\u00e9 a colabora\u00e7\u00e3o com o Conselho Consultivo Estrat\u00e9gico da Alf\u00e2ndega dos EUA, o ISC tem gerado e continua a gerar resultados sem precedentes no combate \u00e0 fraude industrial.\u00a0<a href=\"\/pt\/about\/isc-programs\/\">Veja todos os programas do ISC aqui.<\/a>.<\/p>\n<\/div>\n<\/div><\/div><\/div>\n<\/section><\/div>","protected":false},"excerpt":{"rendered":"<p>About ISC About the Imaging Supplies Coalition We are an organization dedicated to educating, empowering and protecting consumers to combat counterfeiting and fraud in the imaging supplies industry. The Imaging Supplies Coalition (ISC) is a non-profit trade association comprised of original equipment manufacturers (OMs) of consumable imaging supplies (ribbons, toner, inks, cartridges, etc.) and equipment [&hellip;]<\/p>","protected":false},"author":1,"featured_media":0,"parent":0,"menu_order":0,"comment_status":"closed","ping_status":"closed","template":"","meta":{"_breakdance_hide_in_design_set":false,"_breakdance_tags":"","footnotes":""},"class_list":["post-40","page","type-page","status-publish","hentry"],"_links":{"self":[{"href":"https:\/\/isc-inc.net\/pt\/wp-json\/wp\/v2\/pages\/40","targetHints":{"allow":["GET"]}}],"collection":[{"href":"https:\/\/isc-inc.net\/pt\/wp-json\/wp\/v2\/pages"}],"about":[{"href":"https:\/\/isc-inc.net\/pt\/wp-json\/wp\/v2\/types\/page"}],"author":[{"embeddable":true,"href":"https:\/\/isc-inc.net\/pt\/wp-json\/wp\/v2\/users\/1"}],"replies":[{"embeddable":true,"href":"https:\/\/isc-inc.net\/pt\/wp-json\/wp\/v2\/comments?post=40"}],"version-history":[{"count":14,"href":"https:\/\/isc-inc.net\/pt\/wp-json\/wp\/v2\/pages\/40\/revisions"}],"predecessor-version":[{"id":309,"href":"https:\/\/isc-inc.net\/pt\/wp-json\/wp\/v2\/pages\/40\/revisions\/309"}],"wp:attachment":[{"href":"https:\/\/isc-inc.net\/pt\/wp-json\/wp\/v2\/media?parent=40"}],"curies":[{"name":"wp","href":"https:\/\/api.w.org\/{rel}","templated":true}]}}