{"id":232,"date":"2025-10-15T15:53:34","date_gmt":"2025-10-15T15:53:34","guid":{"rendered":"https:\/\/diligent-pink-penguin.64-191-166-22.cpanel.site\/?page_id=232"},"modified":"2025-11-03T17:21:50","modified_gmt":"2025-11-03T17:21:50","slug":"what-is-counterfeit","status":"publish","type":"page","link":"https:\/\/isc-inc.net\/pt\/what-is-counterfeit\/","title":{"rendered":"O que \u00e9 falsifica\u00e7\u00e3o?"},"content":{"rendered":"<div class='breakdance'><section class=\"bde-section-232-100 bde-section\">\n              \n  \n  \n\t\n\n  <div class=\"section-background-overlay\"><\/div>\n\n\n<div class=\"section-container\"><h1 class=\"bde-heading-232-101 bde-heading page-header\">\nO que \u00e9 falsifica\u00e7\u00e3o?\n<\/h1><\/div>\n<\/section><section class=\"bde-section-232-102 bde-section\">\n  \n  \n\t\n\n\n\n<div class=\"section-container\"><h2 class=\"bde-heading-232-103 bde-heading\">\nO que \u00e9 falsifica\u00e7\u00e3o?<br>\n<\/h2><div class=\"bde-text-232-104 bde-text\">\nProdutos falsificados\/pirateados s\u00e3o imita\u00e7\u00f5es destinadas a fins criminosos:<strong><br><ul style=\"margin: 0;\"><br><li>    Enganar<\/li><br><li>    Deturpar<\/li><br><li>    Leve o cliente a acreditar que o produto \u00e9 genu\u00edno.<\/li><br><\/ul><br><\/strong>A legisla\u00e7\u00e3o americana define falsifica\u00e7\u00e3o como a viola\u00e7\u00e3o de uma marca registrada. De forma mais geral, significa fazer com que algo seja apresentado como um produto de marca quando n\u00e3o o \u00e9. A falsifica\u00e7\u00e3o \u00e9 frequentemente associada \u00e0 falsifica\u00e7\u00e3o ou c\u00f3pia de moeda, documentos, m\u00fasica ou obras de arte, mas, na verdade, pode se referir a qualquer item em que os direitos de propriedade intelectual, como patentes, direitos autorais ou marcas registradas, detidos pelo criador e desenvolvedor do item sejam violados.<br><br>A propriedade intelectual refere-se \u00e0s cria\u00e7\u00f5es da mente e, assim como os bens materiais, est\u00e1 sujeita \u00e0 propriedade, sendo que os propriet\u00e1rios da propriedade intelectual t\u00eam direitos que devem ser protegidos.<br>Se algu\u00e9m rouba a propriedade intelectual do leg\u00edtimo propriet\u00e1rio, ISSO \u00c9 UM CRIME.<br><br>Uma ampla gama de produtos de consumo e industriais est\u00e1 sendo falsificada em todo o mundo.<br>Esses produtos podem variar desde falsifica\u00e7\u00f5es n\u00e3o funcionais que todos sabem ser falsas, at\u00e9 produtos funcionais, por\u00e9m inferiores, que os compradores sabem ser falsificados e compram devido ao pre\u00e7o, chegando a produtos totalmente funcionais que s\u00e3o vendidos como se fossem aut\u00eanticos.\n<\/div><div class=\"bde-div-232-120 bde-div\">\n  \n  \n\t\n\n\n\n<div class=\"bde-text-232-119 bde-text\">\n<h5>Materiais de imagem falsificados.<\/h5><br><a href=\"https:\/\/isc-inc.net\/wp-content\/uploads\/2025\/10\/What_Is_Counterfeit_Chart.pdf\"><b>Clique para ver o gr\u00e1fico sobre suprimentos para impress\u00e3o de imagens falsificadas.<\/b><\/a>\n<\/div>\n<\/div><\/div>\n<\/section><\/div>","protected":false},"excerpt":{"rendered":"<p>What is Counterfeit? What is Counterfeit? Counterfeit\/pirated items are imitations intended to criminally: Deceive Misrepresent Lead the customer to believe the item is genuineAmerican law defines counterfeiting as the infringement of a trademark. More generally it means making something out to be a branded item when it is not. Counterfeiting is often thought of as [&hellip;]<\/p>","protected":false},"author":2,"featured_media":0,"parent":0,"menu_order":0,"comment_status":"closed","ping_status":"closed","template":"","meta":{"_breakdance_hide_in_design_set":false,"_breakdance_tags":"","footnotes":""},"class_list":["post-232","page","type-page","status-publish","hentry"],"_links":{"self":[{"href":"https:\/\/isc-inc.net\/pt\/wp-json\/wp\/v2\/pages\/232","targetHints":{"allow":["GET"]}}],"collection":[{"href":"https:\/\/isc-inc.net\/pt\/wp-json\/wp\/v2\/pages"}],"about":[{"href":"https:\/\/isc-inc.net\/pt\/wp-json\/wp\/v2\/types\/page"}],"author":[{"embeddable":true,"href":"https:\/\/isc-inc.net\/pt\/wp-json\/wp\/v2\/users\/2"}],"replies":[{"embeddable":true,"href":"https:\/\/isc-inc.net\/pt\/wp-json\/wp\/v2\/comments?post=232"}],"version-history":[{"count":5,"href":"https:\/\/isc-inc.net\/pt\/wp-json\/wp\/v2\/pages\/232\/revisions"}],"predecessor-version":[{"id":312,"href":"https:\/\/isc-inc.net\/pt\/wp-json\/wp\/v2\/pages\/232\/revisions\/312"}],"wp:attachment":[{"href":"https:\/\/isc-inc.net\/pt\/wp-json\/wp\/v2\/media?parent=232"}],"curies":[{"name":"wp","href":"https:\/\/api.w.org\/{rel}","templated":true}]}}