{"id":50,"date":"2025-10-13T15:28:51","date_gmt":"2025-10-13T15:28:51","guid":{"rendered":"https:\/\/diligent-pink-penguin.64-191-166-22.cpanel.site\/?page_id=50"},"modified":"2025-11-06T21:07:59","modified_gmt":"2025-11-06T21:07:59","slug":"patent-infringement","status":"publish","type":"page","link":"https:\/\/isc-inc.net\/es\/patent-infringement\/","title":{"rendered":"Infracci\u00f3n de Patente"},"content":{"rendered":"<div class='breakdance'><section class=\"bde-section-50-100 bde-section\">\n              \n  \n  \n\t\n\n  <div class=\"section-background-overlay\"><\/div>\n\n\n<div class=\"section-container\"><h1 class=\"bde-heading-50-101 bde-heading page-header\">\nInfracci\u00f3n de Patente\n<\/h1><\/div>\n<\/section><section class=\"bde-section-50-102 bde-section\">\n  \n  \n\t\n\n\n\n<div class=\"section-container\"><h2 class=\"bde-heading-50-103 bde-heading\">\nInfracci\u00f3n de Patente<br>\n<\/h2><div class=\"bde-text-50-104 bde-text\">\nUn problema reciente en la industria de consumibles de imagen es la creciente importaci\u00f3n de cartuchos compatibles y clonados de fabricaci\u00f3n reciente. Si estos productos no infringen las marcas registradas ni los derechos de autor de los fabricantes de equipos originales (OEM), podr\u00edan ser leg\u00edtimos. Sin embargo, la Comisi\u00f3n de Comercio Internacional de los Estados Unidos (ITC) ha determinado que algunos de estos cartuchos infringen patentes de los OEM. En consecuencia, la ITC ha emitido \u00d3rdenes Generales de Exclusi\u00f3n (OGE). Estas \u00f3rdenes proh\u00edben principalmente la importaci\u00f3n de cartuchos clonados o compatibles que infringen patentes de los OEM. En algunos casos, una OGE tambi\u00e9n puede excluir cartuchos remanufacturados y cartuchos vac\u00edos que infringen las leyes de patentes o marcas registradas. Los distribuidores que importen productos prohibidos por una OGE pueden estar sujetos a sanciones, incluyendo el decomiso de inventario y multas. Recomendamos a los distribuidores que se familiaricen con las disposiciones de estas OGE. <br><br>\n<\/div><div class=\"bde-text-50-119 bde-text\">\nA continuaci\u00f3n se enumeran las empresas miembros de ISC que han obtenido una o m\u00e1s de estas \u00d3rdenes Generales de Exclusi\u00f3n:\n<\/div><div class=\"bde-text-50-121 bde-text\">\n<div><p><strong>EPSON:<\/strong>&nbsp;<a href=\"http:\/\/itc.epson.com\/\" target=\"_blank\">Sitio web de Epson<\/a><\/p><p><strong>HP:<\/strong>&nbsp;P\u00f3ngase en contacto con el ISC para obtener informaci\u00f3n.<\/p><p><strong>LEXMARK:<\/strong>&nbsp;<a href=\"http:\/\/www1.lexmark.com\/en_US\/products\/brand-protection\/general-exclusion-order.shtml\" target=\"_blank\">Sitio web de Lexmark | Orden general de exclusi\u00f3n<\/a><\/p><p><a href=\"https:\/\/isc-inc.net\/wp-content\/uploads\/2025\/10\/What_Is_Counterfeit_Chart.pdf\" target=\"_blank\">Haga clic aqu\u00ed para consultar el cuadro que ilustra &quot;\u00bfQu\u00e9 es un suministro de im\u00e1genes infractor?&quot;.\"<\/a><\/p><\/div>\n<\/div><\/div>\n<\/section><\/div>","protected":false},"excerpt":{"rendered":"<p>Patent Infringement Patent Infringement A newer issue in the imaging supplies industry is the growing importation of newly manufactured compatible and clone cartridges. If these products do not infringe OEM trademarks or copyrights they could be legitimate. However, the United States International Trade Commission (ITC) has determined that some of these cartridges infringe OEM Patents. [&hellip;]<\/p>","protected":false},"author":1,"featured_media":0,"parent":0,"menu_order":0,"comment_status":"closed","ping_status":"closed","template":"","meta":{"_breakdance_hide_in_design_set":false,"_breakdance_tags":"","footnotes":""},"class_list":["post-50","page","type-page","status-publish","hentry"],"_links":{"self":[{"href":"https:\/\/isc-inc.net\/es\/wp-json\/wp\/v2\/pages\/50","targetHints":{"allow":["GET"]}}],"collection":[{"href":"https:\/\/isc-inc.net\/es\/wp-json\/wp\/v2\/pages"}],"about":[{"href":"https:\/\/isc-inc.net\/es\/wp-json\/wp\/v2\/types\/page"}],"author":[{"embeddable":true,"href":"https:\/\/isc-inc.net\/es\/wp-json\/wp\/v2\/users\/1"}],"replies":[{"embeddable":true,"href":"https:\/\/isc-inc.net\/es\/wp-json\/wp\/v2\/comments?post=50"}],"version-history":[{"count":5,"href":"https:\/\/isc-inc.net\/es\/wp-json\/wp\/v2\/pages\/50\/revisions"}],"predecessor-version":[{"id":310,"href":"https:\/\/isc-inc.net\/es\/wp-json\/wp\/v2\/pages\/50\/revisions\/310"}],"wp:attachment":[{"href":"https:\/\/isc-inc.net\/es\/wp-json\/wp\/v2\/media?parent=50"}],"curies":[{"name":"wp","href":"https:\/\/api.w.org\/{rel}","templated":true}]}}