{"id":49,"date":"2025-10-13T15:28:51","date_gmt":"2025-10-13T15:28:51","guid":{"rendered":"https:\/\/diligent-pink-penguin.64-191-166-22.cpanel.site\/?page_id=49"},"modified":"2025-11-06T21:05:46","modified_gmt":"2025-11-06T21:05:46","slug":"authentication","status":"publish","type":"page","link":"https:\/\/isc-inc.net\/es\/authentication\/","title":{"rendered":"Autenticaci\u00f3n"},"content":{"rendered":"<div class='breakdance'><section class=\"bde-section-49-100 bde-section\">\n              \n  \n  \n\t\n\n  <div class=\"section-background-overlay\"><\/div>\n\n\n<div class=\"section-container\"><h1 class=\"bde-heading-49-101 bde-heading page-header\">\nAutenticaci\u00f3n\n<\/h1><\/div>\n<\/section><section class=\"bde-section-49-102 bde-section\">\n  \n  \n\t\n\n\n\n<div class=\"section-container\"><h2 class=\"bde-heading-49-103 bde-heading\">\nAcerca de la Coalici\u00f3n de Suministros de Imagen\n<\/h2><div class=\"bde-rich-text-49-119 bde-rich-text breakdance-rich-text-styles\">\n<p style=\"text-align: left;\"><b><u>Autenticaci\u00f3n del producto<\/u><\/b><\/p>\n<p style=\"text-align: left;\"><b><u>Sitios web de informaci\u00f3n falsificada de empresas miembros<\/u><\/b><\/p>\n<p>Nuestras empresas asociadas han creado secciones antifraude y antifalsificaci\u00f3n en sus sitios web. Para autenticar un producto OEM, haga clic en la marca que aparece a continuaci\u00f3n. El enlace le llevar\u00e1 al sitio web del fabricante, donde encontrar\u00e1 informaci\u00f3n sobre c\u00f3mo validar su producto.<\/p>\n<p align=\"center\"><a href=\"https:\/\/www.brother-usa.com\/supplies\/ink-and-toner\/security#.UlcSFenD-70\" target=\"_blank\" rel=\"noopener\"><b>Sistema de autenticaci\u00f3n Brother<\/b><\/a><\/p>\n<p align=\"center\"><a href=\"https:\/\/www.lexmark.com\/en_us\/products\/supplies-and-accessories\/brand-protection.html\" target=\"_blank\" rel=\"noopener\"><b>Autenticaci\u00f3n de cartuchos Lexmark<\/b><\/a><\/p>\n<p align=\"center\"><a href=\"https:\/\/www.usa.canon.com\/internet\/portal\/us\/home\/explore\/product-showcases\/about-counterfeits\" target=\"_blank\" rel=\"noopener\"><b>Canon Anticontrafacci\u00f3n<\/b><\/a><\/p>\n<p align=\"center\"><a href=\"http:\/\/www8.hp.com\/us\/en\/cartridge\/anti-counterfeit.html\" target=\"_blank\" rel=\"noopener\"><b>Sistema anticontrafacci\u00f3n de HP<\/b><\/a><\/p>\n<p align=\"center\"><a href=\"https:\/\/www.xerox.com\/printer-supplies\/brand-protection\/enus.html\" target=\"_blank\" rel=\"noopener\"><b>Xerox Anticontrafacci\u00f3n<\/b><\/a><\/p>\n<\/div><\/div>\n<\/section><\/div>","protected":false},"excerpt":{"rendered":"<p>Autenticaci\u00f3n Acerca de la Coalici\u00f3n de Suministros de Imagen Autenticaci\u00f3n de productos Sitios web de informaci\u00f3n sobre falsificaciones de empresas miembro Nuestras empresas miembro han creado secciones de sus sitios web dedicadas a la lucha contra el fraude y la falsificaci\u00f3n. Para autenticar un producto OEM, haga clic en el nombre de la marca a continuaci\u00f3n. El enlace le llevar\u00e1 al sitio web del OEM, donde encontrar\u00e1 informaci\u00f3n sobre c\u00f3mo [\u2026]<\/p>","protected":false},"author":1,"featured_media":0,"parent":0,"menu_order":0,"comment_status":"closed","ping_status":"closed","template":"","meta":{"_breakdance_hide_in_design_set":false,"_breakdance_tags":"","footnotes":""},"class_list":["post-49","page","type-page","status-publish","hentry"],"_links":{"self":[{"href":"https:\/\/isc-inc.net\/es\/wp-json\/wp\/v2\/pages\/49","targetHints":{"allow":["GET"]}}],"collection":[{"href":"https:\/\/isc-inc.net\/es\/wp-json\/wp\/v2\/pages"}],"about":[{"href":"https:\/\/isc-inc.net\/es\/wp-json\/wp\/v2\/types\/page"}],"author":[{"embeddable":true,"href":"https:\/\/isc-inc.net\/es\/wp-json\/wp\/v2\/users\/1"}],"replies":[{"embeddable":true,"href":"https:\/\/isc-inc.net\/es\/wp-json\/wp\/v2\/comments?post=49"}],"version-history":[{"count":5,"href":"https:\/\/isc-inc.net\/es\/wp-json\/wp\/v2\/pages\/49\/revisions"}],"predecessor-version":[{"id":308,"href":"https:\/\/isc-inc.net\/es\/wp-json\/wp\/v2\/pages\/49\/revisions\/308"}],"wp:attachment":[{"href":"https:\/\/isc-inc.net\/es\/wp-json\/wp\/v2\/media?parent=49"}],"curies":[{"name":"wp","href":"https:\/\/api.w.org\/{rel}","templated":true}]}}