{"id":48,"date":"2025-10-13T15:28:51","date_gmt":"2025-10-13T15:28:51","guid":{"rendered":"https:\/\/diligent-pink-penguin.64-191-166-22.cpanel.site\/?page_id=48"},"modified":"2025-11-06T21:10:13","modified_gmt":"2025-11-06T21:10:13","slug":"reporting-fraud","status":"publish","type":"page","link":"https:\/\/isc-inc.net\/es\/reporting-fraud\/","title":{"rendered":"Denuncia de Fraude"},"content":{"rendered":"<div class='breakdance'><section class=\"bde-section-48-100 bde-section\">\n              \n  \n  \n\t\n\n  <div class=\"section-background-overlay\"><\/div>\n\n\n<div class=\"section-container\"><h1 class=\"bde-heading-48-101 bde-heading page-header\">\nDenuncia de Fraude\n<\/h1><\/div>\n<\/section><section class=\"bde-section-48-102 bde-section\">\n  \n  \n\t\n\n\n\n<div class=\"section-container\"><div class=\"bde-rich-text-48-119 bde-rich-text breakdance-rich-text-styles\">\n<div id=\"region_2\" class=\"region editable-region\">\n<div>\n<h3>El fraude no denunciado nos perjudica a todos. Aqu\u00ed te explicamos c\u00f3mo puedes contribuir a detener a los estafadores.<\/h3>\n<p>A continuaci\u00f3n encontrar\u00e1 una lista de contactos si sospecha que se ha cometido una infracci\u00f3n de la ley:<\/p>\n<ul class=\"styled-list\">\n<li>Comisi\u00f3n Federal de Comercio: 1-877-FTC-HELP, 1-877-382-4357, TTY: 1-866-653-4261<\/li>\n<li>Presenta una queja ante la FTC en l\u00ednea\u00a0<a href=\"https:\/\/www.ftccomplaintassistant.gov\/#nb\" target=\"_blank\" rel=\"noopener\">Aqu\u00ed<\/a><\/li>\n<li>Secci\u00f3n de Fraude del Departamento de Justicia de los Estados Unidos: 1-202-514-2000 |\u00a0<a href=\"https:\/\/www.ftccomplaintassistant.gov\/#crnt&amp;panel1-1\" target=\"_blank\" rel=\"noopener\">Env\u00edales un correo electr\u00f3nico aqu\u00ed<\/a><\/li>\n<li>Centro Nacional de Informaci\u00f3n sobre Fraude:\u00a0<a href=\"tel:1-800-876-7060\">1-800-876-7060<\/a><\/li>\n<li>El Fiscal General de su Estado<\/li>\n<li>Su oficina local de protecci\u00f3n al consumidor<\/li>\n<li>Better Business Bureau<\/li>\n<li>Fabricante de equipo original<\/li>\n<li>Secci\u00f3n de Fraude del Departamento de Justicia de los Estados Unidos:\u00a0<a href=\"tel:1-202-514-7023\">1-202-514-7023<\/a><\/li>\n<li>Centro Nacional de Informaci\u00f3n sobre Fraude:\u00a0<a href=\"tel:1-800-876-7060\">1-800-876-7060<\/a><\/li>\n<li>Adem\u00e1s, es posible que desee compartir sus experiencias con otras empresas para ayudarlas a evitar ser v\u00edctimas de una estafa.<\/li>\n<\/ul>\n<\/div>\n<\/div>\n<div id=\"region_3\" class=\"region editable-region\">\n<div>La FTC introduce las quejas relacionadas con Internet, telemercadeo, robo de identidad y otros fraudes en Consumer Sentinel, una base de datos segura en l\u00ednea disponible para cientos de agencias de aplicaci\u00f3n de la ley civiles y penales en los EE. UU. y en el extranjero.<\/div>\n<\/div>\n<\/div><\/div>\n<\/section><\/div>","protected":false},"excerpt":{"rendered":"<p>Reporting Fraud Unreported fraud costs everyone. Here&#8217;s how you can do your part to stop scammers and con artists. Below is a list of contacts if you suspect a violation of the law: Federal Trade Commission: 1-877-FTC-HELP, 1-877-382-4357, TTY: 1-866-653-4261 File a complaint to the FTC Online\u00a0Here US Department of Justice Fraud Section: 1-202-514-2000 |\u00a0Email [&hellip;]<\/p>","protected":false},"author":1,"featured_media":0,"parent":0,"menu_order":0,"comment_status":"closed","ping_status":"closed","template":"","meta":{"_breakdance_hide_in_design_set":false,"_breakdance_tags":"","footnotes":""},"class_list":["post-48","page","type-page","status-publish","hentry"],"_links":{"self":[{"href":"https:\/\/isc-inc.net\/es\/wp-json\/wp\/v2\/pages\/48","targetHints":{"allow":["GET"]}}],"collection":[{"href":"https:\/\/isc-inc.net\/es\/wp-json\/wp\/v2\/pages"}],"about":[{"href":"https:\/\/isc-inc.net\/es\/wp-json\/wp\/v2\/types\/page"}],"author":[{"embeddable":true,"href":"https:\/\/isc-inc.net\/es\/wp-json\/wp\/v2\/users\/1"}],"replies":[{"embeddable":true,"href":"https:\/\/isc-inc.net\/es\/wp-json\/wp\/v2\/comments?post=48"}],"version-history":[{"count":3,"href":"https:\/\/isc-inc.net\/es\/wp-json\/wp\/v2\/pages\/48\/revisions"}],"predecessor-version":[{"id":327,"href":"https:\/\/isc-inc.net\/es\/wp-json\/wp\/v2\/pages\/48\/revisions\/327"}],"wp:attachment":[{"href":"https:\/\/isc-inc.net\/es\/wp-json\/wp\/v2\/media?parent=48"}],"curies":[{"name":"wp","href":"https:\/\/api.w.org\/{rel}","templated":true}]}}