{"id":47,"date":"2025-10-13T15:28:51","date_gmt":"2025-10-13T15:28:51","guid":{"rendered":"https:\/\/diligent-pink-penguin.64-191-166-22.cpanel.site\/?page_id=47"},"modified":"2025-11-06T21:09:47","modified_gmt":"2025-11-06T21:09:47","slug":"steps-to-take","status":"publish","type":"page","link":"https:\/\/isc-inc.net\/es\/steps-to-take\/","title":{"rendered":"Medidas a Tomar"},"content":{"rendered":"<div class='breakdance'><section class=\"bde-section-47-100 bde-section\">\n              \n  \n  \n\t\n\n  <div class=\"section-background-overlay\"><\/div>\n\n\n<div class=\"section-container\"><h1 class=\"bde-heading-47-101 bde-heading page-header\">\nMedidas a Tomar\n<\/h1><\/div>\n<\/section><section class=\"bde-section-47-102 bde-section\">\n  \n  \n\t\n\n\n\n<div class=\"section-container\"><div class=\"bde-rich-text-47-119 bde-rich-text breakdance-rich-text-styles\">\n<div class=\"container\">\n<div class=\"row\">\n<div class=\"column col-xs-12 col-sm-12 col-md-12 col-lg-12\">\n<div id=\"region_6\" class=\"region editable-region\">\n<div>\n<h3>Medidas a tomar para evitar el fraude en suministros de oficina<\/h3>\n<p>Prep\u00e1rese. Si est\u00e1 atento y sigue los sencillos pasos que se indican a continuaci\u00f3n, podr\u00e1 evitar f\u00e1cilmente ser v\u00edctima de estafas relacionadas con material de oficina.<\/p>\n<p>\u00a0<\/p>\n<\/div>\n<\/div>\n<\/div>\n<\/div>\n<\/div>\n<div class=\"content-area container\">\n<div class=\"row\">\n<div class=\"column col-xs-12 col-sm-12 col-md-6 col-lg-6\">\n<div id=\"region_1\" class=\"region editable-region\">\n<h2>Primer paso: Conozca sus derechos<\/h2>\n<ul class=\"styled-list\">\n<li>Si recibe suministros o facturas por servicios que no solicit\u00f3, no pague y no devuelva la mercanc\u00eda no solicitada.<\/li>\n<li>Trata cualquier art\u00edculo que recibas sin haberlo pedido como un regalo.<\/li>\n<li>Es ilegal que un vendedor te env\u00ede facturas o avisos de cobro por mercanc\u00eda que no pediste o que te pida que devuelvas la mercanc\u00eda si el vendedor se ofrece a pagar los gastos de env\u00edo.<\/li>\n<li>Recuerda que un contrato no es vinculante si la empresa se present\u00f3 falsamente como tu proveedor habitual.<\/li>\n<\/ul>\n<\/div>\n<\/div>\n<div class=\"column col-xs-12 col-sm-12 col-md-6 col-lg-6\">\u00a0<\/div>\n<\/div>\n<\/div>\n<div class=\"content-area container\">\n<div class=\"row\">\n<div class=\"column col-xs-12 col-sm-12 col-md-12 col-lg-12\">\n<div id=\"region_7\" class=\"region editable-region\">\n<div><strong><span class=\"blue-text\">Nota:<\/span>\u00a0<\/strong>Es importante designar empleados espec\u00edficos como compradores. Solo ellos deben asignar los n\u00fameros de orden de compra y asegurarse de que figuren en la factura y el conocimiento de embarque. Tambi\u00e9n deben ser responsables de enviar una copia de las \u00f3rdenes de compra al departamento de cuentas por pagar.<\/div>\n<div>\u00a0<\/div>\n<\/div>\n<\/div>\n<\/div>\n<\/div>\n<div class=\"content-area container\">\n<div class=\"row\">\n<div class=\"column col-xs-12 col-sm-12 col-md-12 col-lg-12\">\n<div id=\"region_3\" class=\"region editable-region\">\n<h2>Segundo paso: revise toda la documentaci\u00f3n antes de pagar las facturas.<\/h2>\n<p>El departamento de recepci\u00f3n debe verificar que las \u00f3rdenes de compra coincidan con el conocimiento de embarque. Se deben revisar minuciosamente las marcas y las cantidades, y si no coinciden, se debe rechazar la mercanc\u00eda. Los conocimientos de embarque deben enviarse al departamento de cuentas por pagar para su revisi\u00f3n.<\/p>\n<p>\u00a0<\/p>\n<\/div>\n<\/div>\n<\/div>\n<\/div>\n<div class=\"content-area container\">\n<div class=\"row\">\n<div class=\"column col-xs-12 col-sm-12 col-md-12 col-lg-12\">\n<div id=\"region_4\" class=\"region editable-region\">\n<h2>Tercer paso: Capacite a su personal<\/h2>\n<ul class=\"styled-list\">\n<li>Capacite a todos sobre c\u00f3mo responder a los teleoperadores. (Ejemplo: No estoy autorizado para realizar pedidos. Debe hablar con ________ para obtener una orden de compra).<\/li>\n<li>Cree un equipo de compradores, receptores y representantes de cuentas por pagar designados y desarrolle procedimientos de compra estandarizados.<\/li>\n<\/ul>\n<p>\u00a0<\/p>\n<\/div>\n<\/div>\n<\/div>\n<\/div>\n<div class=\"content-area container\">\n<div class=\"row\">\n<div class=\"column col-xs-12 col-sm-12 col-md-12 col-lg-12\">\n<div id=\"region_5\" class=\"region editable-region\">\n<h2>Recursos adicionales<\/h2>\n<p>La Comisi\u00f3n Federal de Comercio dispone de amplia informaci\u00f3n para ayudarle o responder a sus preguntas.\u00a0<a href=\"https:\/\/www.ftc.gov\/faq\" target=\"_blank\" rel=\"noopener\">Visite el sitio web aqu\u00ed.<\/a><\/p>\n<\/div>\n<\/div>\n<\/div>\n<\/div>\n<\/div><\/div>\n<\/section><\/div>","protected":false},"excerpt":{"rendered":"<p>Steps to Take Steps To Take To Avoid Office Supply Fraud Be prepared. By being aware and following the simple steps below, you can easily avoid falling victim to office supply scams. \u00a0 Step One: Know Your Rights If you receive supplies or bills for services that you didn\u2019t order, don\u2019t pay, and don\u2019t return [&hellip;]<\/p>","protected":false},"author":1,"featured_media":0,"parent":0,"menu_order":0,"comment_status":"closed","ping_status":"closed","template":"","meta":{"_breakdance_hide_in_design_set":false,"_breakdance_tags":"","footnotes":""},"class_list":["post-47","page","type-page","status-publish","hentry"],"_links":{"self":[{"href":"https:\/\/isc-inc.net\/es\/wp-json\/wp\/v2\/pages\/47","targetHints":{"allow":["GET"]}}],"collection":[{"href":"https:\/\/isc-inc.net\/es\/wp-json\/wp\/v2\/pages"}],"about":[{"href":"https:\/\/isc-inc.net\/es\/wp-json\/wp\/v2\/types\/page"}],"author":[{"embeddable":true,"href":"https:\/\/isc-inc.net\/es\/wp-json\/wp\/v2\/users\/1"}],"replies":[{"embeddable":true,"href":"https:\/\/isc-inc.net\/es\/wp-json\/wp\/v2\/comments?post=47"}],"version-history":[{"count":4,"href":"https:\/\/isc-inc.net\/es\/wp-json\/wp\/v2\/pages\/47\/revisions"}],"predecessor-version":[{"id":319,"href":"https:\/\/isc-inc.net\/es\/wp-json\/wp\/v2\/pages\/47\/revisions\/319"}],"wp:attachment":[{"href":"https:\/\/isc-inc.net\/es\/wp-json\/wp\/v2\/media?parent=47"}],"curies":[{"name":"wp","href":"https:\/\/api.w.org\/{rel}","templated":true}]}}