{"id":46,"date":"2025-10-13T15:28:51","date_gmt":"2025-10-13T15:28:51","guid":{"rendered":"https:\/\/diligent-pink-penguin.64-191-166-22.cpanel.site\/?page_id=46"},"modified":"2025-11-06T21:09:21","modified_gmt":"2025-11-06T21:09:21","slug":"key-scam-tactics","status":"publish","type":"page","link":"https:\/\/isc-inc.net\/es\/key-scam-tactics\/","title":{"rendered":"T\u00e1cticas Clave de Estafa"},"content":{"rendered":"<div class='breakdance'><section class=\"bde-section-46-100 bde-section\">\n              \n  \n  \n\t\n\n  <div class=\"section-background-overlay\"><\/div>\n\n\n<div class=\"section-container\"><h1 class=\"bde-heading-46-101 bde-heading page-header\">\nT\u00e1cticas Clave de Estafa\n<\/h1><\/div>\n<\/section><section class=\"bde-section-46-102 bde-section\">\n  \n  \n\t\n\n\n\n<div class=\"section-container\"><h2 class=\"bde-heading-46-103 bde-heading\">\nT\u00e1cticas clave de estafas de telemarketing\n<\/h2><div class=\"bde-text-46-104 bde-text\">\nLas estafas telef\u00f3nicas son cada vez m\u00e1s frecuentes en todo el mundo, \u00a1pero t\u00fa puedes ayudar a detenerlas! Revisa las t\u00e1cticas m\u00e1s comunes que se describen a continuaci\u00f3n para evitar ser v\u00edctima de un estafador telef\u00f3nico.<br><br>\n<\/div><h3 class=\"bde-heading-46-119 bde-heading\">\nEstafa de desd\u00e9n<br>\n<\/h3><div class=\"bde-text-46-120 bde-text\">\nEste es un elemento de texto b\u00e1sico.\n<\/div><div class=\"bde-rich-text-46-121 bde-rich-text breakdance-rich-text-styles\">\n<p>Si una organizaci\u00f3n se queja de que no pidi\u00f3 la mercanc\u00eda o de que el precio es demasiado alto, el estafador har\u00e1 lo siguiente:<\/p>\n<ul class=\"styled-list\">\n<li>El acosador afirma que tiene una grabaci\u00f3n de aceptaci\u00f3n o que puede llevarte a juicio;<\/li>\n<li>Negociaci\u00f3n: el vendedor acepta un precio m\u00e1s bajo;<\/li>\n<li>Cobro por mercanc\u00eda devuelta: el vendedor afirma cobrar una tarifa de reposici\u00f3n por la devoluci\u00f3n de los productos.<\/li>\n<\/ul>\n<\/div><div class=\"bde-columns-46-115 bde-columns\"><div class=\"bde-column-46-130 bde-column\">\n  \n  \n\t\n\n\n\n<div class=\"bde-div-46-131 bde-div\">\n  \n  \n\t\n\n\n\n<h3 class=\"bde-heading-46-132 bde-heading\">\nEstafa de suplantaci\u00f3n de identidad<br>\n<\/h3><div class=\"bde-text-46-133 bde-text\">\nLa persona que llama se hace pasar por su proveedor habitual o, en algunos casos, por el fabricante, y afirma falsamente que los precios est\u00e1n subiendo o utiliza otras t\u00e1cticas de venta debido a excedentes, etc.<br><br>\n<\/div>\n<\/div><div class=\"bde-div-46-134 bde-div\">\n  \n  \n\t\n\n\n\n<h3 class=\"bde-heading-46-135 bde-heading\">\nEstafa de cobro de facturas<br>\n<\/h3><div class=\"bde-text-46-136 bde-text\">\nEstos estafadores te enviar\u00e1n todas las facturas que sean necesarias para conseguir tu dinero, facturas que a menudo llevan el sello de &quot;Vencido&quot;. En algunos casos, recurrir\u00e1n a agencias de cobro falsas y a amenazas de acciones legales.<br><br>\n<\/div>\n<\/div>\n<\/div><\/div><div class=\"bde-columns-46-137 bde-columns\"><div class=\"bde-column-46-138 bde-column\">\n  \n  \n\t\n\n\n\n<div class=\"bde-div-46-139 bde-div\">\n  \n  \n\t\n\n\n\n<h3 class=\"bde-heading-46-140 bde-heading\">\nEstafa del caballo de regalo<br>\n<\/h3><div class=\"bde-text-46-141 bde-text\">\nUn estafador enga\u00f1a a un empleado para que acepte un obsequio (un art\u00edculo promocional gratuito) con una breve menci\u00f3n para identificar la mercanc\u00eda utilizada. A cambio, le enviar\u00e1 mercanc\u00eda sobrevalorada y no solicitada, seguida de una factura a nombre del empleado. Esperan que su organizaci\u00f3n crea que, debido a su error, deben ceder.<br>\n<\/div>\n<\/div><div class=\"bde-div-46-142 bde-div\">\n  \n  \n\t\n\n\n\n<h3 class=\"bde-heading-46-143 bde-heading\">\nEstafa de factura falsa<br>\n<\/h3><div class=\"bde-text-46-144 bde-text\">\nLa persona que llama obtiene el nombre y la direcci\u00f3n de un empleado para que su organizaci\u00f3n pueda recibir env\u00edos y facturas por bienes o servicios no solicitados.<br>\n<\/div>\n<\/div>\n<\/div><\/div><\/div>\n<\/section><\/div>","protected":false},"excerpt":{"rendered":"<p>Key Scam Tactics Key Telemarketing Scam Tactics Telemarketing scams are becoming more widespread worldwide, however, you can help stop it! Review the commonly used tactics below to prevent yourself from becoming the victim of a telephone con artist. Brush-Off Scam This is a basic text element. If an organization complains that they didn\u2019t order the [&hellip;]<\/p>","protected":false},"author":1,"featured_media":0,"parent":0,"menu_order":0,"comment_status":"closed","ping_status":"closed","template":"","meta":{"_breakdance_hide_in_design_set":false,"_breakdance_tags":"","footnotes":""},"class_list":["post-46","page","type-page","status-publish","hentry"],"_links":{"self":[{"href":"https:\/\/isc-inc.net\/es\/wp-json\/wp\/v2\/pages\/46","targetHints":{"allow":["GET"]}}],"collection":[{"href":"https:\/\/isc-inc.net\/es\/wp-json\/wp\/v2\/pages"}],"about":[{"href":"https:\/\/isc-inc.net\/es\/wp-json\/wp\/v2\/types\/page"}],"author":[{"embeddable":true,"href":"https:\/\/isc-inc.net\/es\/wp-json\/wp\/v2\/users\/1"}],"replies":[{"embeddable":true,"href":"https:\/\/isc-inc.net\/es\/wp-json\/wp\/v2\/comments?post=46"}],"version-history":[{"count":3,"href":"https:\/\/isc-inc.net\/es\/wp-json\/wp\/v2\/pages\/46\/revisions"}],"predecessor-version":[{"id":326,"href":"https:\/\/isc-inc.net\/es\/wp-json\/wp\/v2\/pages\/46\/revisions\/326"}],"wp:attachment":[{"href":"https:\/\/isc-inc.net\/es\/wp-json\/wp\/v2\/media?parent=46"}],"curies":[{"name":"wp","href":"https:\/\/api.w.org\/{rel}","templated":true}]}}