{"id":45,"date":"2025-10-13T15:28:51","date_gmt":"2025-10-13T15:28:51","guid":{"rendered":"https:\/\/diligent-pink-penguin.64-191-166-22.cpanel.site\/?page_id=45"},"modified":"2025-11-06T21:08:52","modified_gmt":"2025-11-06T21:08:52","slug":"fraud-protection","status":"publish","type":"page","link":"https:\/\/isc-inc.net\/es\/fraud-protection\/","title":{"rendered":"Protecci\u00f3n Contra el Fraude"},"content":{"rendered":"<div class='breakdance'><section class=\"bde-section-45-100 bde-section\">\n              \n  \n  \n\t\n\n  <div class=\"section-background-overlay\"><\/div>\n\n\n<div class=\"section-container\"><h1 class=\"bde-heading-45-101 bde-heading page-header\">\nProtecci\u00f3n Contra el Fraude\n<\/h1><\/div>\n<\/section><section class=\"bde-section-45-102 bde-section\">\n  \n  \n\t\n\n\n\n<div class=\"section-container\"><h2 class=\"bde-heading-45-103 bde-heading\">\nProtecci\u00f3n Contra el Fraude<br>\n<\/h2><div class=\"bde-text-45-104 bde-text\">\nEl telemarketing y el fraude por internet mueven miles de millones de d\u00f3lares en Estados Unidos. Cada a\u00f1o, miles de consumidores pierden desde unos pocos d\u00f3lares hasta los ahorros de toda su vida a manos de estafadores telef\u00f3nicos.<br><br>\n<\/div><div class=\"bde-rich-text-45-119 bde-rich-text breakdance-rich-text-styles\">\n<p>La Comisi\u00f3n Federal de Comercio (FTC) le anima a ser esc\u00e9ptico cuando escuche una llamada de telemercadeo y a estar al tanto de la Regla de Ventas por Telemercadeo, una ley que puede ayudarle a protegerse de los telemercadistas abusivos y enga\u00f1osos.<\/p>\n<p>Existen numerosos sitios web que ofrecen excelentes consejos a consumidores y empresas sobre t\u00e9cnicas para protegerse de estas estafas. En lugar de repetir esa informaci\u00f3n, le remitimos a los siguientes sitios web relevantes:<\/p>\n<ul class=\"styled-list\">\n<li>\n<p><a href=\"https:\/\/www.consumer.ftc.gov\/\" target=\"_blank\" rel=\"noopener\">Consejos para protegerse contra las estafas de telemarketing al consumidor<\/a><\/p>\n<\/li>\n<li>\n<p><a href=\"https:\/\/www.ftc.gov\/faq\" target=\"_blank\" rel=\"noopener\">M\u00e1s consejos para protegerse contra las estafas de telemarketing empresarial<\/a><\/p>\n<\/li>\n<li>\n<p><a href=\"https:\/\/www.ftc.gov\/faq\" target=\"_blank\" rel=\"noopener\">Consejos para protegerse contra las estafas por internet<\/a><\/p>\n<\/li>\n<\/ul>\n<\/div><div class=\"bde-columns-45-111 bde-columns\"><div class=\"bde-column-45-112 bde-column\">\n  \n  \n\t\n\n\n\n<h2 class=\"bde-heading-45-113 bde-heading\">\nT\u00e1cticas, prevenci\u00f3n e informes<br>\n<\/h2><h2 class=\"bde-heading-45-120 bde-heading\">\nFraude en suministros de oficina<br>\n<\/h2><div class=\"bde-text-45-114 bde-text\">\nAnte las estafas de suministros de oficina, una forma de fraude telef\u00f3nico que le cuesta a las empresas estadounidenses entre 1.2 y 200 millones de d\u00f3lares al a\u00f1o, la Coalici\u00f3n de Suministros de Imagen busca visibilizar estas operaciones que venden suministros de imagen a precios inflados. Queremos compartir informaci\u00f3n sobre empresas implicadas, las t\u00e1cticas clave que hemos detectado y las medidas para evitar este tipo de fraude.<br><br>\n<\/div><h2 class=\"bde-heading-45-121 bde-heading\">\nIdentificaci\u00f3n de la empresa<br>\n<\/h2><div class=\"bde-text-45-122 bde-text\">\nLa mayor\u00eda de estos teleoperadores se identificar\u00e1n haci\u00e9ndose pasar por una agencia gubernamental, una empresa conocida o su proveedor habitual, sin mencionar el nombre de su empresa. Lo m\u00e1s probable es que la factura provenga de una empresa de distribuci\u00f3n, distinta de la que realiz\u00f3 la llamada inicial.<br><br><span class=\"text-blue\">Haga clic en el enlace correspondiente a continuaci\u00f3n para obtener m\u00e1s informaci\u00f3n.<\/span><br>\n<\/div><div class=\"bde-columns-45-123 bde-columns\"><div class=\"bde-column-45-124 bde-column\">\n  \n  \n\t\n\n\n\n<div class=\"bde-button-45-129 bde-button\">\n    \n                                    \n    \n    \n    \n    \n            \n                    \n            \n            \n\n    \n    \n    \n    \n    \n    <a class=\"breakdance-link button-atom button-atom--primary bde-button__button\" href=\"https:\/\/isc-inc.net\/es\/?page_id=46\" target=\"_self\" data-type=\"url\"  >\n\n    \n        <span class=\"button-atom__text\">T\u00e1cticas Clave de Estafa<\/span>\n\n        \n        \n                <\/a>\n\n    \n\n\n<\/div><div class=\"bde-button-45-131 bde-button\">\n    \n                                    \n    \n    \n    \n    \n            \n                    \n            \n            \n\n    \n    \n    \n    \n    \n    <a class=\"breakdance-link button-atom button-atom--primary bde-button__button\" href=\"https:\/\/isc-inc.net\/es\/?page_id=47\" target=\"_self\" data-type=\"url\"  >\n\n    \n        <span class=\"button-atom__text\">Medidas a Tomar<\/span>\n\n        \n        \n                <\/a>\n\n    \n\n\n<\/div><div class=\"bde-button-45-130 bde-button\">\n    \n                                    \n    \n    \n    \n    \n            \n                    \n            \n            \n\n    \n    \n    \n    \n    \n    <a class=\"breakdance-link button-atom button-atom--primary bde-button__button\" href=\"https:\/\/isc-inc.net\/es\/?page_id=48\" target=\"_self\" data-type=\"url\"  >\n\n    \n        <span class=\"button-atom__text\">Denuncia de Fraude<\/span>\n\n        \n        \n                <\/a>\n\n    \n\n\n<\/div>\n<\/div><\/div>\n<\/div><\/div><\/div>\n<\/section><\/div>","protected":false},"excerpt":{"rendered":"<p>Fraud Protection Fraud Protection Telemarketing and internet fraud is a multi-billion dollar business in the United States. Every year, thousands of consumers lose as little as a few dollars to as much as their life savings to telephone con artists. The Federal Trade Commission (FTC) encourages you to be skeptical when you hear a phone [&hellip;]<\/p>","protected":false},"author":1,"featured_media":0,"parent":0,"menu_order":0,"comment_status":"closed","ping_status":"closed","template":"","meta":{"_breakdance_hide_in_design_set":false,"_breakdance_tags":"","footnotes":""},"class_list":["post-45","page","type-page","status-publish","hentry"],"_links":{"self":[{"href":"https:\/\/isc-inc.net\/es\/wp-json\/wp\/v2\/pages\/45","targetHints":{"allow":["GET"]}}],"collection":[{"href":"https:\/\/isc-inc.net\/es\/wp-json\/wp\/v2\/pages"}],"about":[{"href":"https:\/\/isc-inc.net\/es\/wp-json\/wp\/v2\/types\/page"}],"author":[{"embeddable":true,"href":"https:\/\/isc-inc.net\/es\/wp-json\/wp\/v2\/users\/1"}],"replies":[{"embeddable":true,"href":"https:\/\/isc-inc.net\/es\/wp-json\/wp\/v2\/comments?post=45"}],"version-history":[{"count":8,"href":"https:\/\/isc-inc.net\/es\/wp-json\/wp\/v2\/pages\/45\/revisions"}],"predecessor-version":[{"id":314,"href":"https:\/\/isc-inc.net\/es\/wp-json\/wp\/v2\/pages\/45\/revisions\/314"}],"wp:attachment":[{"href":"https:\/\/isc-inc.net\/es\/wp-json\/wp\/v2\/media?parent=45"}],"curies":[{"name":"wp","href":"https:\/\/api.w.org\/{rel}","templated":true}]}}