{"id":44,"date":"2025-10-13T15:28:51","date_gmt":"2025-10-13T15:28:51","guid":{"rendered":"https:\/\/diligent-pink-penguin.64-191-166-22.cpanel.site\/?page_id=44"},"modified":"2025-11-06T21:03:50","modified_gmt":"2025-11-06T21:03:50","slug":"detection","status":"publish","type":"page","link":"https:\/\/isc-inc.net\/es\/detection\/","title":{"rendered":"Detecci\u00f3n"},"content":{"rendered":"<div class='breakdance'><section class=\"bde-section-44-100 bde-section\">\n              \n  \n  \n\t\n\n  <div class=\"section-background-overlay\"><\/div>\n\n\n<div class=\"section-container\"><h1 class=\"bde-heading-44-101 bde-heading page-header\">\nDetecci\u00f3n\n<\/h1><\/div>\n<\/section><section class=\"bde-section-44-102 bde-section\">\n  \n  \n\t\n\n\n\n<div class=\"section-container\"><h2 class=\"bde-heading-44-103 bde-heading\">\nDetecci\u00f3n de falsificaciones\n<\/h2><div class=\"bde-text-44-104 bde-text\">\nLa falsificaci\u00f3n de productos comerciales con marcas registradas y derechos de autor es un par\u00e1sito multimillonario para el comercio internacional.<br><br>\n<\/div><div class=\"bde-columns-44-105 bde-columns\"><div class=\"bde-column-44-106 bde-column\">\n  \n  \n\t\n\n\n\n<h2 class=\"bde-heading-44-119 bde-heading\">\nAcerca de la falsificaci\u00f3n<br>\n<\/h2><div class=\"bde-text-44-107 bde-text\">\nSe estima que las p\u00e9rdidas anuales por falsificaci\u00f3n son:<br><br>$600 mil millones en todo el mundo<br>$250 mil millones solo en Estados Unidos<br>El ISC estima que el impacto ser\u00e1 de m\u00e1s de $3 mil millones anuales en todo el mundo en la industria de suministros de im\u00e1genes para sus productos.\n<\/div>\n<\/div><div class=\"bde-column-44-109 bde-column\">\n  \n  \n\t\n\n\n\n<div class=\"bde-image-44-110 bde-image\">\n<figure class=\"breakdance-image breakdance-image--138\">\n\t<div class=\"breakdance-image-container\">\n\t\t<div class=\"breakdance-image-clip\"><img loading=\"lazy\" decoding=\"async\" class=\"breakdance-image-object\" src=\"https:\/\/isc-inc.net\/wp-content\/uploads\/2025\/10\/counterfeit_manufacturing.jpg\" width=\"300\" height=\"220\" sizes=\"auto, (max-width: 300px) 100vw, 300px\"><\/div>\n\t<\/div><\/figure>\n\n<\/div>\n<\/div><\/div><div class=\"bde-columns-44-120 bde-columns\"><div class=\"bde-column-44-121 bde-column\">\n  \n  \n\t\n\n\n\n<div class=\"bde-image-44-126 bde-image\">\n<figure class=\"breakdance-image breakdance-image--137\">\n\t<div class=\"breakdance-image-container\">\n\t\t<div class=\"breakdance-image-clip\"><img loading=\"lazy\" decoding=\"async\" class=\"breakdance-image-object\" src=\"https:\/\/isc-inc.net\/wp-content\/uploads\/2025\/10\/ink_cartridge_mountain.jpg\" width=\"300\" height=\"225\" sizes=\"auto, (max-width: 300px) 100vw, 300px\"><\/div>\n\t<\/div><\/figure>\n\n<\/div>\n<\/div><div class=\"bde-column-44-125 bde-column\">\n  \n  \n\t\n\n\n\n<h2 class=\"bde-heading-44-122 bde-heading\">\nTodos pierden<br>\n<\/h2><div class=\"bde-text-44-123 bde-text\">\nLos fabricantes pierden ingresos, beneficios y fidelidad a la marca. Los revendedores pierden porque deben competir con estos productos ilegales a precios bajos. Los gobiernos pierden cuando se pierden empleos y no se recaudan impuestos. Y, sobre todo, los clientes pierden porque no reciben lo que pagan.\n<\/div><div class=\"bde-button-44-124 bde-button\">\n    \n                                    \n    \n    \n    \n    \n            \n                    \n            \n            \n\n    \n    \n    \n    \n    \n    <a class=\"breakdance-link button-atom button-atom--primary bde-button__button\" href=\"https:\/\/isc-inc.net\/wp-content\/uploads\/2025\/10\/counterfeiters_flyer1.pdf\" target=\"_self\" data-type=\"url\"  >\n\n    \n        <span class=\"button-atom__text\">Descargue el folleto informativo sobre falsificaciones del ISC.<\/span>\n\n        \n        \n                <\/a>\n\n    \n\n\n<\/div>\n<\/div><\/div><div class=\"bde-columns-44-111 bde-columns\"><div class=\"bde-column-44-112 bde-column\">\n  \n  \n\t\n\n\n\n<h2 class=\"bde-heading-44-113 bde-heading\">\nDefensa contra la producci\u00f3n falsificada<br>\n<\/h2><div class=\"bde-rich-text-44-118 bde-rich-text breakdance-rich-text-styles\">\n<p>Debido a la tecnolog\u00eda que ahora tienen los falsificadores, puede resultar dif\u00edcil distinguir los productos falsificados de los aut\u00e9nticos. Por consiguiente, le recomendamos que preste mucha atenci\u00f3n a las 5 P que se detallan a continuaci\u00f3n:<\/p>\n<ol>\n<li><strong>Persona:<\/strong>\u00a0El ISC le recomienda encarecidamente que adquiera los consumibles de imagen del fabricante original o de uno de sus distribuidores autorizados. Esta es la mejor manera de asegurarse de comprar productos originales.<\/li>\n<li><strong>Precio:<\/strong>\u00a0Si el precio de compra del producto es considerablemente inferior al precio de mercado o parece una oferta demasiado buena para ser verdad, es posible que el producto no sea leg\u00edtimo. El ISC recomienda extremar la precauci\u00f3n en estos casos.<\/li>\n<li><strong>Lugar:<\/strong>\u00a0 Tenga cuidado si la forma o el lugar de la oferta difiere del proceso normal de transacciones comerciales o de consumo.<\/li>\n<li><strong>Embalaje:\u00a0<\/strong>\u00a0Presta atenci\u00f3n a cualquier variaci\u00f3n en el color, la calidad de los materiales o errores ortogr\u00e1ficos en el empaque. Muchos fabricantes de equipos originales (OEM) utilizan un holograma de autenticaci\u00f3n o una etiqueta de cambio de color en el empaque para facilitar la verificaci\u00f3n. Familiar\u00edzate con los hologramas o etiquetas que utiliza la marca que prefieras y verifica que est\u00e9n presentes.<\/li>\n<li><strong>Actuaci\u00f3n:<\/strong>\u00a0 Si observa alguna variaci\u00f3n significativa en el rendimiento del producto con respecto a su experiencia anterior o defectos de calidad evidentes, como olor o fugas, es posible que el producto no sea original.<\/li>\n<\/ol>\n<\/div><div class=\"bde-button-44-127 bde-button\">\n    \n                                    \n    \n    \n    \n    \n            \n                    \n            \n            \n\n    \n    \n    \n    \n    \n    <a class=\"breakdance-link button-atom button-atom--primary bde-button__button\" href=\"https:\/\/isc-inc.net\/wp-content\/uploads\/2025\/10\/counterfeit_product_defense_brochure.pdf\" target=\"_self\" data-type=\"url\"  >\n\n    \n        <span class=\"button-atom__text\">Descargue el folleto de ISC sobre defensa contra productos falsificados.<\/span>\n\n        \n        \n                <\/a>\n\n    \n\n\n<\/div>\n<\/div><\/div><div class=\"bde-columns-44-128 bde-columns\"><div class=\"bde-column-44-129 bde-column\">\n  \n  \n\t\n\n\n\n<h2 class=\"bde-heading-44-130 bde-heading\">\nSitios web de informaci\u00f3n falsificada de empresas miembros<br>\n<\/h2><div class=\"bde-rich-text-44-131 bde-rich-text breakdance-rich-text-styles\">\n<div class=\"content-area container\">\n<div class=\"row\">\n<div class=\"column col-xs-12 col-sm-12 col-md-12 col-lg-12\">\n<div id=\"region_12\" class=\"region editable-region\">\n<p>Algunas de nuestras empresas miembro han creado secciones de sus sitios web dedicadas a la lucha contra el fraude y la falsificaci\u00f3n. Consulte los siguientes enlaces para obtener informaci\u00f3n espec\u00edfica de cada miembro:<\/p>\n<\/div>\n<\/div>\n<\/div>\n<\/div>\n<div class=\"company-list content-area container\">\n<div class=\"row\">\n<div class=\"column col-xs-12 col-sm-12 col-md-6 col-lg-6\">\n<div id=\"region_7\" class=\"region editable-region\">\n<p><a href=\"https:\/\/www.brother-usa.com\/supplies\/ink-and-toner\/security#.UlcSFenD-70\" target=\"_blank\" rel=\"noopener\">Sistema de autenticaci\u00f3n Brother<\/a><\/p>\n<\/div>\n<div id=\"region_11\" class=\"region editable-region\">\n<p><a href=\"https:\/\/www.lexmark.com\/en_us\/products\/supplies-and-accessories\/brand-protection.html\" target=\"_blank\" rel=\"noopener\">Autenticaci\u00f3n de cartuchos Lexmark<\/a><\/p>\n<\/div>\n<div id=\"region_10\" class=\"region editable-region\">\n<p><a href=\"https:\/\/www.usa.canon.com\/internet\/portal\/us\/home\/explore\/product-showcases\/about-counterfeits\" target=\"_blank\" rel=\"noopener\">Canon Anticontrafacci\u00f3n<\/a><\/p>\n<\/div>\n<\/div>\n<div class=\"column col-xs-12 col-sm-12 col-md-6 col-lg-6\">\n<div id=\"region_0\" class=\"region editable-region\">\n<p><a href=\"http:\/\/www8.hp.com\/us\/en\/cartridge\/anti-counterfeit.html\" target=\"_blank\" rel=\"noopener\">Sistema anticontrafacci\u00f3n de HP<\/a><\/p>\n<\/div>\n<div id=\"region_13\" class=\"region editable-region\">\n<p><a href=\"https:\/\/www.xerox.com\/printer-supplies\/brand-protection\/enus.html\" target=\"_blank\" rel=\"noopener\">Xerox Anticontrafacci\u00f3n<\/a><\/p>\n<\/div>\n<\/div>\n<\/div>\n<\/div>\n<\/div>\n<\/div><\/div><\/div>\n<\/section><\/div>","protected":false},"excerpt":{"rendered":"<p>Detection Counterfeit Detection Commercial product counterfeiting of trademarked and copyrighted merchandise is a multi-billion dollar parasite on international business. About Counterfeiting Annual counterfeiting loses are estimated to be:$600 Billion Worldwide$250 Billion in the United States aloneThe ISC estimates the impact to be over $3 billion annually worldwide in the Imaging Supplies Industry for their products. [&hellip;]<\/p>","protected":false},"author":1,"featured_media":0,"parent":0,"menu_order":0,"comment_status":"closed","ping_status":"closed","template":"","meta":{"_breakdance_hide_in_design_set":false,"_breakdance_tags":"","footnotes":""},"class_list":["post-44","page","type-page","status-publish","hentry"],"_links":{"self":[{"href":"https:\/\/isc-inc.net\/es\/wp-json\/wp\/v2\/pages\/44","targetHints":{"allow":["GET"]}}],"collection":[{"href":"https:\/\/isc-inc.net\/es\/wp-json\/wp\/v2\/pages"}],"about":[{"href":"https:\/\/isc-inc.net\/es\/wp-json\/wp\/v2\/types\/page"}],"author":[{"embeddable":true,"href":"https:\/\/isc-inc.net\/es\/wp-json\/wp\/v2\/users\/1"}],"replies":[{"embeddable":true,"href":"https:\/\/isc-inc.net\/es\/wp-json\/wp\/v2\/comments?post=44"}],"version-history":[{"count":7,"href":"https:\/\/isc-inc.net\/es\/wp-json\/wp\/v2\/pages\/44\/revisions"}],"predecessor-version":[{"id":322,"href":"https:\/\/isc-inc.net\/es\/wp-json\/wp\/v2\/pages\/44\/revisions\/322"}],"wp:attachment":[{"href":"https:\/\/isc-inc.net\/es\/wp-json\/wp\/v2\/media?parent=44"}],"curies":[{"name":"wp","href":"https:\/\/api.w.org\/{rel}","templated":true}]}}