{"id":43,"date":"2025-10-13T15:28:51","date_gmt":"2025-10-13T15:28:51","guid":{"rendered":"https:\/\/diligent-pink-penguin.64-191-166-22.cpanel.site\/?page_id=43"},"modified":"2025-11-06T21:11:50","modified_gmt":"2025-11-06T21:11:50","slug":"links","status":"publish","type":"page","link":"https:\/\/isc-inc.net\/es\/links\/","title":{"rendered":"Enlaces"},"content":{"rendered":"<div class='breakdance'><section class=\"bde-section-43-102 bde-section\">\n              \n  \n  \n\t\n\n  <div class=\"section-background-overlay\"><\/div>\n\n\n<div class=\"section-container\"><h1 class=\"bde-heading-43-103 bde-heading page-header\">\nEnlaces\n<\/h1><\/div>\n<\/section><section class=\"bde-section-43-100 bde-section\">\n  \n  \n\t\n\n\n\n<div class=\"section-container\"><div class=\"bde-code-block-43-101 bde-code-block\">\n\n  <div class=\"container\" style=\"display: block; padding-top: 50px;\"> <div class=\"row\" style=\"\"> <div class=\"column col-xs-12 col-sm-12 col-md-12 col-lg-12\"> <div class=\"region editable-region\" id=\"region_14\"><h1>Enlaces de inter\u00e9s<\/h1><p>Por favor, revise los siguientes enlaces, todos los cuales contienen recursos \u00fatiles contra la falsificaci\u00f3n.<\/p><\/div> <\/div> <\/div> <\/div> <div class=\"container\" style=\"display: block; padding-top: 50px;\"> <div class=\"row\" style=\"\"> <div class=\"column col-xs-12 col-sm-12 col-md-12 col-lg-12\"> <div class=\"region editable-region\" id=\"region_1\"><div><h3><a href=\"http:\/\/www.theglobalipcenter.com\" target=\"_blank\" title=\"Centro Mundial de la Propiedad Intelectual\">Centro Mundial de la Propiedad Intelectual<\/a><\/h3><p>La coalici\u00f3n est\u00e1 comprometida con aumentar la comprensi\u00f3n del impacto negativo de la falsificaci\u00f3n y la pirater\u00eda, y con encontrar soluciones reales trabajando con gobiernos, industria, l\u00edderes de opini\u00f3n, medios de comunicaci\u00f3n y consumidores.<\/p><\/div><\/div> <\/div> <\/div> <\/div> <div class=\"container\" style=\"display: block; padding-top: 50px;\"> <div class=\"row\" style=\"\"> <div class=\"column col-xs-12 col-sm-12 col-md-12 col-lg-12\"> <div class=\"region editable-region\" id=\"region_3\"><h3><a href=\"http:\/\/www.iacc.org\/\" target=\"_blank\" title=\"La Coalici\u00f3n Internacional contra la Falsificaci\u00f3n (IACC)\">La Coalici\u00f3n Internacional contra la Falsificaci\u00f3n (IACC)<\/a><\/h3><p>La IACC es la mayor organizaci\u00f3n sin \u00e1nimo de lucro del mundo dedicada exclusivamente a la protecci\u00f3n de la propiedad intelectual y a la lucha contra la falsificaci\u00f3n.<\/p><div>&nbsp;<\/div><\/div> <\/div> <\/div> <\/div> <div class=\"container\" style=\"display: block; padding-top: 50px;\"> <div class=\"row\" style=\"\"> <div class=\"column col-xs-12 col-sm-12 col-md-12 col-lg-12\"> <div class=\"region editable-region\" id=\"region_2\"><h3><a href=\"http:\/\/www.cbp.gov\/\" target=\"_blank\" title=\"Servicio de Aduanas y Protecci\u00f3n Fronteriza de Estados Unidos (CBP)\">Servicio de Aduanas y Protecci\u00f3n Fronteriza de Estados Unidos (CBP)<\/a><\/h3><div><p>La CBP es la \u00fanica agencia fronteriza unificada de los Estados Unidos. Este sitio web oficial ofrece una descripci\u00f3n completa de la estrategia, las actividades y los logros de la agencia.<\/p><\/div><\/div> <\/div> <\/div> <\/div> <div class=\"container\" style=\"display: block; padding-top: 50px;\"> <div class=\"row\" style=\"\"> <div class=\"column col-xs-12 col-sm-12 col-md-12 col-lg-12\"> <div class=\"region editable-region\" id=\"region_4\"><div><h3><a href=\"https:\/\/www.ftc.gov\/bcp\/index.shtml\" target=\"_blank\" title=\"Comisi\u00f3n Federal de Comercio (FTC), Oficina de Protecci\u00f3n al Consumidor\">Comisi\u00f3n Federal de Comercio (FTC), Oficina de Protecci\u00f3n al Consumidor<\/a><\/h3><p>El sitio web de la Oficina de Protecci\u00f3n al Consumidor de la FTC ofrece consejos para que el consumidor prevenga el fraude, el enga\u00f1o y las pr\u00e1cticas comerciales desleales.<\/p><\/div><\/div> <\/div> <\/div> <\/div> <div class=\"container\" style=\"display: block; padding-top: 50px;\"> <div class=\"row\" style=\"\"> <div class=\"column col-xs-12 col-sm-12 col-md-12 col-lg-12\"> <div class=\"region editable-region\" id=\"region_5\"><div><h3><a href=\"http:\/\/www.ice.gov\/\" target=\"_blank\" title=\"Servicio de Inmigraci\u00f3n y Control de Aduanas de Estados Unidos (ICE)\">Servicio de Inmigraci\u00f3n y Control de Aduanas de Estados Unidos (ICE)<\/a><\/h3><p>El sitio web oficial de ICE ofrece una visi\u00f3n completa de la estrategia, las actividades y los logros de la agencia.<\/p><\/div><\/div> <\/div> <\/div> <\/div> <div class=\"container\" style=\"display: block; padding-top: 50px;\"> <div class=\"row\" style=\"\"> <div class=\"column col-xs-12 col-sm-12 col-md-12 col-lg-12\"> <div class=\"region editable-region\" id=\"region_6\"><div><h3><a href=\"http:\/\/www.ice.gov\/iprcenter\/\" target=\"_blank\" title=\"Centro Nacional de Coordinaci\u00f3n de Derechos Intelectuales\">Centro Nacional de Coordinaci\u00f3n de Derechos Intelectuales<\/a><\/h3><p>El Centro Nacional de Coordinaci\u00f3n de Derechos de Propiedad Intelectual es el arma m\u00e1s reciente del gobierno estadounidense en la lucha contra las violaciones de las leyes de propiedad intelectual.<\/p><\/div><\/div> <\/div> <\/div> <\/div> <div class=\"container\" style=\"display: block; padding-top: 50px;\"> <div class=\"row\" style=\"\"> <div class=\"column col-xs-12 col-sm-12 col-md-12 col-lg-12\"> <div class=\"region editable-region\" id=\"region_7\"><h3><a href=\"http:\/\/www.icce.net\/\" target=\"_blank\" title=\"Coalici\u00f3n Europea de Consumibles de Imagen (ICCE)\">Coalici\u00f3n Europea de Consumibles de Imagen (ICCE)<\/a><\/h3><div><p>La Coalici\u00f3n Europea de Suministros de Imagenolog\u00eda se form\u00f3 para evitar que productos falsificados de suministros de imagenolog\u00eda ingresaran a la cadena de suministro en EMEA.&nbsp;<br>Visite este sitio para obtener informaci\u00f3n sobre las actividades de ICCE.<\/p><\/div><\/div> <\/div> <\/div> <\/div> <div class=\"container\" style=\"display: block; padding-top: 50px;\"> <div class=\"row\" style=\"\"> <div class=\"column col-xs-12 col-sm-12 col-md-12 col-lg-12\"> <div class=\"region editable-region\" id=\"region_8\"><div><h3><a href=\"http:\/\/agmaglobal.org\/\" target=\"_blank\" title=\"Alianza para la Reducci\u00f3n del Mercado Gris y la Falsificaci\u00f3n (AGMA)\">Alianza para la Reducci\u00f3n del Mercado Gris y la Falsificaci\u00f3n (AGMA)<\/a><\/h3><p>La AGMA es una iniciativa estrat\u00e9gica de empresas l\u00edderes en alta tecnolog\u00eda para abordar el impacto del mercado gris y los productos falsificados en la industria tecnol\u00f3gica.<\/p><\/div><\/div> <\/div> <\/div> <\/div> <div class=\"container\" style=\"display: block; padding-top: 50px;\"> <div class=\"row\" style=\"\"> <div class=\"column col-xs-12 col-sm-12 col-md-12 col-lg-12\"> <div class=\"region editable-region\" id=\"region_9\"><div><h3><a href=\"http:\/\/www.iccwbo.org\/bascap\/id1127\/index.html\" target=\"_blank\" title=\"Acci\u00f3n empresarial para detener la falsificaci\u00f3n y la pirater\u00eda (BASCAP)\">Acci\u00f3n empresarial para detener la falsificaci\u00f3n y la pirater\u00eda (BASCAP)<\/a><\/h3><p>BASCAP une a la comunidad empresarial global para abordar eficazmente las cuestiones de propiedad intelectual.<\/p><\/div><\/div> <\/div> <\/div> <\/div> <div class=\"container\" style=\"display: block; padding-top: 50px;\"> <div class=\"row\" style=\"\"> <div class=\"column col-xs-12 col-sm-12 col-md-12 col-lg-12\"> <div class=\"region editable-region\" id=\"region_10\"><div><h3>&nbsp;<\/h3><\/div><\/div> <\/div> <\/div> <\/div> <div class=\"container\" style=\"display: block; padding-top: 50px;\"> <div class=\"row\" style=\"\"> <div class=\"column col-xs-12 col-sm-12 col-md-12 col-lg-12\"> <div class=\"region editable-region\" id=\"region_11\"><div><h3><a href=\"http:\/\/www.qbpc.org.cn\/\" target=\"_blank\" title=\"Comit\u00e9 de Protecci\u00f3n de Marcas de Calidad (QBCC)\">Comit\u00e9 de Protecci\u00f3n de Marcas de Calidad (QBCC)<\/a><\/h3><p>La QBPC es una coalici\u00f3n de propietarios de marcas que hacen negocios en China para contribuir positivamente a la protecci\u00f3n de la propiedad intelectual en China.<\/p><\/div><\/div> <\/div> <\/div> <\/div> <div class=\"container\" style=\"display: block; padding-top: 50px; padding-bottom: 50px;\"> <div class=\"row\" style=\"\"> <div class=\"column col-xs-12 col-sm-12 col-md-12 col-lg-12\"> <div class=\"region editable-region\" id=\"region_12\"><div><h3><a href=\"http:\/\/www.iccwbo.org\/policy\/ip\/id3060\/index.html\" target=\"_blank\" title=\"Centro de Propiedad Intelectual de la C\u00e1mara de Comercio Internacional (ICC)\">Centro de Propiedad Intelectual de la C\u00e1mara de Comercio Internacional (ICC)<\/a><\/h3><p>La Comisi\u00f3n de Propiedad Intelectual de la CCI aporta puntos de vista empresariales mundiales sobre cuestiones y debates clave en materia de propiedad intelectual.<\/p><\/div><\/div> <\/div> <\/div> <\/div>\n\n\n<\/div><\/div>\n<\/section><\/div>","protected":false},"excerpt":{"rendered":"<p>Links Links of InterestPlease review the links below, all of which contain useful anti-counterfeiting resources. Global Intellectual Property CenterThe coalition is committed to increasing the understanding of the negative impact of counterfeiting and piracy and to finding real solutions by working with governments, industry, opinion leaders, the media, and consumers. The International Anti Counterfeiting Coalition [&hellip;]<\/p>","protected":false},"author":1,"featured_media":0,"parent":0,"menu_order":0,"comment_status":"closed","ping_status":"closed","template":"","meta":{"_breakdance_hide_in_design_set":false,"_breakdance_tags":"","footnotes":""},"class_list":["post-43","page","type-page","status-publish","hentry"],"_links":{"self":[{"href":"https:\/\/isc-inc.net\/es\/wp-json\/wp\/v2\/pages\/43","targetHints":{"allow":["GET"]}}],"collection":[{"href":"https:\/\/isc-inc.net\/es\/wp-json\/wp\/v2\/pages"}],"about":[{"href":"https:\/\/isc-inc.net\/es\/wp-json\/wp\/v2\/types\/page"}],"author":[{"embeddable":true,"href":"https:\/\/isc-inc.net\/es\/wp-json\/wp\/v2\/users\/1"}],"replies":[{"embeddable":true,"href":"https:\/\/isc-inc.net\/es\/wp-json\/wp\/v2\/comments?post=43"}],"version-history":[{"count":4,"href":"https:\/\/isc-inc.net\/es\/wp-json\/wp\/v2\/pages\/43\/revisions"}],"predecessor-version":[{"id":328,"href":"https:\/\/isc-inc.net\/es\/wp-json\/wp\/v2\/pages\/43\/revisions\/328"}],"wp:attachment":[{"href":"https:\/\/isc-inc.net\/es\/wp-json\/wp\/v2\/media?parent=43"}],"curies":[{"name":"wp","href":"https:\/\/api.w.org\/{rel}","templated":true}]}}