{"id":42,"date":"2025-10-13T15:28:51","date_gmt":"2025-10-13T15:28:51","guid":{"rendered":"https:\/\/diligent-pink-penguin.64-191-166-22.cpanel.site\/?page_id=42"},"modified":"2025-11-06T21:11:30","modified_gmt":"2025-11-06T21:11:30","slug":"isc-programs","status":"publish","type":"page","link":"https:\/\/isc-inc.net\/es\/isc-programs\/","title":{"rendered":"Programas ISC"},"content":{"rendered":"<div class='breakdance'><section class=\"bde-section-42-100 bde-section\">\n              \n  \n  \n\t\n\n  <div class=\"section-background-overlay\"><\/div>\n\n\n<div class=\"section-container\"><h1 class=\"bde-heading-42-101 bde-heading page-header\">\nProgramas ISC\n<\/h1><\/div>\n<\/section><section class=\"bde-section-42-102 bde-section\">\n  \n  \n\t\n\n\n\n<div class=\"section-container\"><h2 class=\"bde-heading-42-103 bde-heading\">\nProgramas ISC\n<\/h2><div class=\"bde-text-42-104 bde-text\">\nDesde su creaci\u00f3n en 1994, el ISC ha logrado mucho en la lucha contra la falsificaci\u00f3n y el fraude, y se ha consolidado como una fuerza internacional en la industria de suministros de imagen, as\u00ed como una organizaci\u00f3n l\u00edder en la protecci\u00f3n de la propiedad intelectual.<br><br>\n<\/div><div class=\"bde-columns-42-105 bde-columns\"><div class=\"bde-column-42-106 bde-column\">\n  \n  \n\t\n\n\n\n<h2 class=\"bde-heading-42-119 bde-heading\">\nConferencia de la industria\n<\/h2><div class=\"bde-text-42-107 bde-text\">\nEl ISC organiza dos conferencias internacionales sobre fraude y falsificaci\u00f3n en la industria de consumibles de imagen. El ISC celebr\u00f3 recientemente su conferencia de 2018, a la que asistieron 65 profesionales de 10 pa\u00edses. La pr\u00f3xima conferencia del ISC tendr\u00e1 lugar en 2020.<br>\n<\/div>\n<\/div><div class=\"bde-column-42-109 bde-column\">\n  \n  \n\t\n\n\n\n<div class=\"bde-image-42-110 bde-image\">\n<figure class=\"breakdance-image breakdance-image--30\">\n\t<div class=\"breakdance-image-container\">\n\t\t<div class=\"breakdance-image-clip\"><img loading=\"lazy\" decoding=\"async\" class=\"breakdance-image-object\" src=\"https:\/\/isc-inc.net\/wp-content\/uploads\/2025\/10\/iscprograms.jpg\" width=\"300\" height=\"221\" sizes=\"auto, (max-width: 300px) 100vw, 300px\"><\/div>\n\t<\/div><\/figure>\n\n<\/div>\n<\/div><\/div><div class=\"bde-columns-42-111 bde-columns\"><div class=\"bde-column-42-112 bde-column\">\n  \n  \n\t\n\n\n\n<h2 class=\"bde-heading-42-113 bde-heading\">\nPortavoz de la industria\n<\/h2><div class=\"bde-text-42-114 bde-text\">\nEl ISC ha realizado presentaciones en la mayor\u00eda de las principales conferencias internacionales del sector, entre ellas: Business Products Industry Association, Business Technology Association, CAP Ventures (EE. UU. y Jap\u00f3n), COMDEX, CeBIT, LYRA, ITC, ITEX, ReMax World Summit, Asian Imaging Forum, Paper World y numerosas conferencias nacionales e internacionales de distribuidores. Fuera del \u00e1mbito industrial, ha presentado ponencias en conferencias patrocinadas por la C\u00e1mara de Comercio Internacional, Reconnaissance International, la IACC, PIRA, PISEC, RIT Secure Print Conference, la Sociedad Americana para la Seguridad Industrial y el Instituto Nacional de Derecho de la Propiedad Intelectual.<br><br>P\u00f3ngase en contacto con nosotros si le interesa que el ISC realice una presentaci\u00f3n en su programa.\n<\/div>\n<\/div><\/div><div class=\"bde-columns-42-115 bde-columns\"><div class=\"bde-column-42-116 bde-column\">\n  \n  \n\t\n\n\n\n<h2 class=\"bde-heading-42-117 bde-heading\">\nFraude de telemarketing\n<\/h2><div class=\"bde-rich-text-42-118 bde-rich-text breakdance-rich-text-styles\">\n<p>La Comisi\u00f3n Federal de Comercio (FTC) y la Asociaci\u00f3n de Tecnolog\u00eda Empresarial (BTA) designaron al ISC como Socio en Educaci\u00f3n del Consumidor y Socio en Educaci\u00f3n, respectivamente. En colaboraci\u00f3n con la FTC, el Better Business Bureau y la BTA, el ISC desarroll\u00f3 e implement\u00f3 un proceso integral para la notificaci\u00f3n de incidentes y un programa educativo para usuarios finales sobre c\u00f3mo evitar estafas telef\u00f3nicas.\u00a0<\/p>\n<p>Por favor\u00a0<a href=\"\/es\/protection\/fraud-protection\/\">haga clic aqu\u00ed<\/a>\u00a0Para revisar nuestra informaci\u00f3n sobre prevenci\u00f3n del fraude.<\/p>\n<\/div>\n<\/div><\/div><div class=\"bde-columns-42-120 bde-columns\"><div class=\"bde-column-42-121 bde-column\">\n  \n  \n\t\n\n\n\n<h2 class=\"bde-heading-42-122 bde-heading\">\nEducaci\u00f3n en aduanas y aplicaci\u00f3n de la ley \n<\/h2><div class=\"bde-rich-text-42-123 bde-rich-text breakdance-rich-text-styles\">\n<p>En cooperaci\u00f3n con la CBP, especialmente con el Centro de Excelencia y Experiencia en Maquinaria, el ISC imparte sesiones de capacitaci\u00f3n en puertos de inter\u00e9s y mediante seminarios web nacionales. Varios cientos de funcionarios de aduanas y especialistas en importaci\u00f3n reciben esta capacitaci\u00f3n anualmente. La Junta del ISC se re\u00fane trimestralmente con el Centro de Excelencia y Experiencia en Maquinaria para intercambiar informaci\u00f3n sobre objetivos, supervisar el progreso y los problemas, y desarrollar planes para mejorar la aplicaci\u00f3n de la ley. Esta relaci\u00f3n es de vital importancia para los esfuerzos del ISC.\u00a0<\/p>\n<\/div>\n<\/div><\/div><div class=\"bde-columns-42-124 bde-columns\"><div class=\"bde-column-42-125 bde-column\">\n  \n  \n\t\n\n\n\n<h2 class=\"bde-heading-42-126 bde-heading\">\nReconocimiento\n<\/h2><div class=\"bde-rich-text-42-127 bde-rich-text breakdance-rich-text-styles\">\n<p>La ISC testific\u00f3 en apoyo de la legislaci\u00f3n impulsada por la IACC y fue reconocida por la Coalici\u00f3n Internacional contra la Falsificaci\u00f3n (IACC) como un importante contribuyente a la aprobaci\u00f3n de la Ley de Protecci\u00f3n al Consumidor contra la Falsificaci\u00f3n de 1996. La Sociedad Estadounidense de Ejecutivos de Asociaciones (ASAE) otorg\u00f3 a la ISC el premio Golden Shoe String por su excelencia en comunicaciones con un presupuesto muy limitado. En enero de 1999, Authentication News reconoci\u00f3 a la Coalici\u00f3n con el Premio Global contra la Falsificaci\u00f3n por su Logro Sobresaliente como Asociaci\u00f3n. Tambi\u00e9n en 1999, la Coalici\u00f3n fue incluida en la Lista de Honor de Association Advance America por dos de sus programas: \u00abAnte la duda... \u00a1Compru\u00e9belo!\u00bb y \u00abProceso y Educaci\u00f3n contra el Fraude en Telemarketing\u00bb. En 2020, RT Media otorg\u00f3 a la ISC el Premio contra la Falsificaci\u00f3n durante la Asian Expo por quinto a\u00f1o consecutivo. Este premio reconoce a la organizaci\u00f3n que m\u00e1s ha contribuido a nivel mundial en la lucha contra la falsificaci\u00f3n en la industria de suministros de imagen. Varios miembros del consejo de administraci\u00f3n de ISC han sido reconocidos por grupos de la industria con premios por sus logros y por marcar la diferencia.<\/p>\n<\/div>\n<\/div><\/div><\/div>\n<\/section><\/div>","protected":false},"excerpt":{"rendered":"<p>ISC Programs ISC Programs Since its inception in 1994, the ISC has accomplished a great deal in combating counterfeiting and fraud and has established itself as an international force in the Imaging Supplies Industry as well as a leading organization in Intellectual Property protection. Industry Conference The ISC conducts a biannual International Conferences on Fraud [&hellip;]<\/p>","protected":false},"author":1,"featured_media":0,"parent":0,"menu_order":0,"comment_status":"closed","ping_status":"closed","template":"","meta":{"_breakdance_hide_in_design_set":false,"_breakdance_tags":"","footnotes":""},"class_list":["post-42","page","type-page","status-publish","hentry"],"_links":{"self":[{"href":"https:\/\/isc-inc.net\/es\/wp-json\/wp\/v2\/pages\/42","targetHints":{"allow":["GET"]}}],"collection":[{"href":"https:\/\/isc-inc.net\/es\/wp-json\/wp\/v2\/pages"}],"about":[{"href":"https:\/\/isc-inc.net\/es\/wp-json\/wp\/v2\/types\/page"}],"author":[{"embeddable":true,"href":"https:\/\/isc-inc.net\/es\/wp-json\/wp\/v2\/users\/1"}],"replies":[{"embeddable":true,"href":"https:\/\/isc-inc.net\/es\/wp-json\/wp\/v2\/comments?post=42"}],"version-history":[{"count":4,"href":"https:\/\/isc-inc.net\/es\/wp-json\/wp\/v2\/pages\/42\/revisions"}],"predecessor-version":[{"id":316,"href":"https:\/\/isc-inc.net\/es\/wp-json\/wp\/v2\/pages\/42\/revisions\/316"}],"wp:attachment":[{"href":"https:\/\/isc-inc.net\/es\/wp-json\/wp\/v2\/media?parent=42"}],"curies":[{"name":"wp","href":"https:\/\/api.w.org\/{rel}","templated":true}]}}