{"id":40,"date":"2025-10-13T15:28:51","date_gmt":"2025-10-13T15:28:51","guid":{"rendered":"https:\/\/diligent-pink-penguin.64-191-166-22.cpanel.site\/?page_id=40"},"modified":"2025-11-06T21:10:43","modified_gmt":"2025-11-06T21:10:43","slug":"about-isc","status":"publish","type":"page","link":"https:\/\/isc-inc.net\/es\/about-isc\/","title":{"rendered":"Sobre"},"content":{"rendered":"<div class='breakdance'><section class=\"bde-section-40-100 bde-section\">\n              \n  \n  \n\t\n\n  <div class=\"section-background-overlay\"><\/div>\n\n\n<div class=\"section-container\"><h1 class=\"bde-heading-40-104 bde-heading page-header\">\nSobre ISC\n<\/h1><\/div>\n<\/section><section class=\"bde-section-40-102 bde-section\">\n  \n  \n\t\n\n\n\n<div class=\"section-container\"><h2 class=\"bde-heading-40-103 bde-heading\">\nAcerca de la Coalici\u00f3n de Suministros de Imagen\n<\/h2><div class=\"bde-text-40-105 bde-text\">\nSomos una organizaci\u00f3n dedicada a educar, empoderar y proteger a los consumidores para combatir la falsificaci\u00f3n y el fraude en la industria de los suministros de imagen.<br><br>\n<\/div><div class=\"bde-columns-40-106 bde-columns\"><div class=\"bde-column-40-107 bde-column\">\n  \n  \n\t\n\n\n\n<div class=\"bde-text-40-109 bde-text\">\nLa Imaging Supplies Coalition (ISC) es una asociaci\u00f3n comercial sin fines de lucro compuesta por fabricantes de equipos originales (OM) de consumibles de imagen (cintas, t\u00f3ner, tintas, cartuchos, etc.) y equipos que se han unido para proteger a sus clientes combatiendo las actividades ilegales en la industria de los suministros de imagen.<br><br>Entre los miembros de la coalici\u00f3n se encuentran Brother International Corporation, Canon USA, Inc., Epson America Inc., HP, Inc., Lexmark International, Inc. y Xerox Corporation.\n<\/div><div class=\"bde-button-40-110 bde-button\">\n    \n                                    \n    \n    \n    \n    \n            \n                    \n            \n            \n\n    \n    \n    \n    \n    \n    <a class=\"breakdance-link button-atom button-atom--primary bde-button__button\" href=\"https:\/\/isc-inc.net\/wp-content\/uploads\/2025\/10\/isc_brochure.pdf\" target=\"_self\" data-type=\"url\"  >\n\n    \n        <span class=\"button-atom__text\">Descargue el folleto del ISC<\/span>\n\n        \n        \n                <\/a>\n\n    \n\n\n<\/div>\n<\/div><div class=\"bde-column-40-108 bde-column\">\n  \n  \n\t\n\n\n\n<div class=\"bde-image-40-111 bde-image\">\n<figure class=\"breakdance-image breakdance-image--28\">\n\t<div class=\"breakdance-image-container\">\n\t\t<div class=\"breakdance-image-clip\"><img loading=\"lazy\" decoding=\"async\" class=\"breakdance-image-object\" src=\"https:\/\/isc-inc.net\/wp-content\/uploads\/2025\/10\/cmyk_ink.jpg\" width=\"313\" height=\"209\" srcset=\"https:\/\/isc-inc.net\/wp-content\/uploads\/2025\/10\/cmyk_ink.jpg 313w, https:\/\/isc-inc.net\/wp-content\/uploads\/2025\/10\/cmyk_ink-300x200.jpg 300w\" sizes=\"auto, (max-width: 313px) 100vw, 313px\"><\/div>\n\t<\/div><\/figure>\n\n<\/div>\n<\/div><\/div><div class=\"bde-columns-40-115 bde-columns\"><div class=\"bde-column-40-121 bde-column\">\n  \n  \n\t\n\n\n\n<h2 class=\"bde-heading-40-122 bde-heading\">\nNuestra misi\u00f3n\n<\/h2><div class=\"bde-text-40-123 bde-text\">\nLa misi\u00f3n de la ISC es proteger a los clientes de nuestros miembros de productos y servicios mal representados, buscando la protecci\u00f3n mundial de la propiedad intelectual y los activos relacionados de los distribuidores, proveedores y fabricantes de la industria de suministros de imagen.<br><br>Esto se logra mediante la capacitaci\u00f3n y la educaci\u00f3n en la identificaci\u00f3n de productos falsificados, los m\u00e9todos de seguridad de los productos, las t\u00e9cnicas para evitar el fraude en el telemarketing y el comercio electr\u00f3nico, y mediante la promoci\u00f3n de leyes y su cumplimiento.\n<\/div>\n<\/div><\/div><div class=\"bde-columns-40-124 bde-columns\"><div class=\"bde-column-40-125 bde-column\">\n  \n  \n\t\n\n\n\n<h2 class=\"bde-heading-40-126 bde-heading\">\nProgramas ISC\n<\/h2><div class=\"bde-rich-text-40-128 bde-rich-text breakdance-rich-text-styles\">\n<p>Desde su creaci\u00f3n en 1994, el ISC ha logrado mucho en la lucha contra la falsificaci\u00f3n y el fraude, y se ha consolidado como una fuerza internacional en la industria de suministros de imagen, as\u00ed como una organizaci\u00f3n l\u00edder en la protecci\u00f3n de la propiedad intelectual.<\/p>\n<p>Desde el dise\u00f1o de un programa de autenticaci\u00f3n de productos \u00fanico y altamente eficiente y la publicaci\u00f3n de cientos de art\u00edculos sobre temas relacionados con la falsificaci\u00f3n, hasta la colaboraci\u00f3n con el Consejo Asesor Estrat\u00e9gico de la Aduana de EE. UU., el ISC ha generado y sigue generando resultados sin precedentes en la lucha contra el fraude en la industria.\u00a0<a href=\"\/es\/about\/isc-programs\/\">Consulta aqu\u00ed todos los programas de ISC.<\/a>.<\/p>\n<\/div>\n<\/div><\/div><\/div>\n<\/section><\/div>","protected":false},"excerpt":{"rendered":"<p>About ISC About the Imaging Supplies Coalition We are an organization dedicated to educating, empowering and protecting consumers to combat counterfeiting and fraud in the imaging supplies industry. The Imaging Supplies Coalition (ISC) is a non-profit trade association comprised of original equipment manufacturers (OMs) of consumable imaging supplies (ribbons, toner, inks, cartridges, etc.) and equipment [&hellip;]<\/p>","protected":false},"author":1,"featured_media":0,"parent":0,"menu_order":0,"comment_status":"closed","ping_status":"closed","template":"","meta":{"_breakdance_hide_in_design_set":false,"_breakdance_tags":"","footnotes":""},"class_list":["post-40","page","type-page","status-publish","hentry"],"_links":{"self":[{"href":"https:\/\/isc-inc.net\/es\/wp-json\/wp\/v2\/pages\/40","targetHints":{"allow":["GET"]}}],"collection":[{"href":"https:\/\/isc-inc.net\/es\/wp-json\/wp\/v2\/pages"}],"about":[{"href":"https:\/\/isc-inc.net\/es\/wp-json\/wp\/v2\/types\/page"}],"author":[{"embeddable":true,"href":"https:\/\/isc-inc.net\/es\/wp-json\/wp\/v2\/users\/1"}],"replies":[{"embeddable":true,"href":"https:\/\/isc-inc.net\/es\/wp-json\/wp\/v2\/comments?post=40"}],"version-history":[{"count":14,"href":"https:\/\/isc-inc.net\/es\/wp-json\/wp\/v2\/pages\/40\/revisions"}],"predecessor-version":[{"id":309,"href":"https:\/\/isc-inc.net\/es\/wp-json\/wp\/v2\/pages\/40\/revisions\/309"}],"wp:attachment":[{"href":"https:\/\/isc-inc.net\/es\/wp-json\/wp\/v2\/media?parent=40"}],"curies":[{"name":"wp","href":"https:\/\/api.w.org\/{rel}","templated":true}]}}