{"id":232,"date":"2025-10-15T15:53:34","date_gmt":"2025-10-15T15:53:34","guid":{"rendered":"https:\/\/diligent-pink-penguin.64-191-166-22.cpanel.site\/?page_id=232"},"modified":"2025-11-03T17:21:50","modified_gmt":"2025-11-03T17:21:50","slug":"what-is-counterfeit","status":"publish","type":"page","link":"https:\/\/isc-inc.net\/es\/what-is-counterfeit\/","title":{"rendered":"\u00bfQu\u00e9 es la falsificaci\u00f3n?"},"content":{"rendered":"<div class='breakdance'><section class=\"bde-section-232-100 bde-section\">\n              \n  \n  \n\t\n\n  <div class=\"section-background-overlay\"><\/div>\n\n\n<div class=\"section-container\"><h1 class=\"bde-heading-232-101 bde-heading page-header\">\n\u00bfQu\u00e9 es la falsificaci\u00f3n?\n<\/h1><\/div>\n<\/section><section class=\"bde-section-232-102 bde-section\">\n  \n  \n\t\n\n\n\n<div class=\"section-container\"><h2 class=\"bde-heading-232-103 bde-heading\">\n\u00bfQu\u00e9 es la falsificaci\u00f3n?<br>\n<\/h2><div class=\"bde-text-232-104 bde-text\">\nLos art\u00edculos falsificados\/pirateados son imitaciones destinadas a fines delictivos:<strong><br><ul style=\"margin: 0;\"><br><li>    Enga\u00f1ar<\/li><br><li>    Falsificar<\/li><br><li>    Induzca al cliente a creer que el art\u00edculo es aut\u00e9ntico.<\/li><br><\/ul><br><\/strong>La ley estadounidense define la falsificaci\u00f3n como la infracci\u00f3n de una marca registrada. En t\u00e9rminos generales, significa hacer pasar un producto por un art\u00edculo de marca cuando no lo es. Si bien se suele pensar en la falsificaci\u00f3n como la falsificaci\u00f3n o copia de moneda, documentos, m\u00fasica u obras de arte, en realidad puede referirse a cualquier art\u00edculo donde se violen los derechos de propiedad intelectual, como patentes, derechos de autor o marcas registradas, del creador y desarrollador del art\u00edculo.<br><br>La propiedad intelectual se refiere a las creaciones de la mente y, al igual que los bienes materiales, est\u00e1 sujeta a propiedad y los propietarios de la propiedad intelectual tienen derechos que deben protegerse.<br>Si alguien roba la propiedad intelectual de su leg\u00edtimo propietario, ESO ES UN DELITO.<br><br>En la actualidad, se falsifican en todo el mundo una amplia gama de productos de consumo e industriales.<br>Estos productos pueden ir desde falsificaciones no funcionales que todo el mundo sabe que son falsas, hasta productos funcionales pero de calidad inferior que los compradores saben que son falsificados y compran por su precio, pasando por productos totalmente funcionales que se venden como si fueran aut\u00e9nticos.\n<\/div><div class=\"bde-div-232-120 bde-div\">\n  \n  \n\t\n\n\n\n<div class=\"bde-text-232-119 bde-text\">\n<h5>Suministros para la falsificaci\u00f3n de im\u00e1genes.<\/h5><br><a href=\"https:\/\/isc-inc.net\/wp-content\/uploads\/2025\/10\/What_Is_Counterfeit_Chart.pdf\"><b>Haga clic para ver el gr\u00e1fico sobre suministros para la falsificaci\u00f3n de im\u00e1genes.<\/b><\/a>\n<\/div>\n<\/div><\/div>\n<\/section><\/div>","protected":false},"excerpt":{"rendered":"<p>What is Counterfeit? What is Counterfeit? Counterfeit\/pirated items are imitations intended to criminally: Deceive Misrepresent Lead the customer to believe the item is genuineAmerican law defines counterfeiting as the infringement of a trademark. More generally it means making something out to be a branded item when it is not. Counterfeiting is often thought of as [&hellip;]<\/p>","protected":false},"author":2,"featured_media":0,"parent":0,"menu_order":0,"comment_status":"closed","ping_status":"closed","template":"","meta":{"_breakdance_hide_in_design_set":false,"_breakdance_tags":"","footnotes":""},"class_list":["post-232","page","type-page","status-publish","hentry"],"_links":{"self":[{"href":"https:\/\/isc-inc.net\/es\/wp-json\/wp\/v2\/pages\/232","targetHints":{"allow":["GET"]}}],"collection":[{"href":"https:\/\/isc-inc.net\/es\/wp-json\/wp\/v2\/pages"}],"about":[{"href":"https:\/\/isc-inc.net\/es\/wp-json\/wp\/v2\/types\/page"}],"author":[{"embeddable":true,"href":"https:\/\/isc-inc.net\/es\/wp-json\/wp\/v2\/users\/2"}],"replies":[{"embeddable":true,"href":"https:\/\/isc-inc.net\/es\/wp-json\/wp\/v2\/comments?post=232"}],"version-history":[{"count":5,"href":"https:\/\/isc-inc.net\/es\/wp-json\/wp\/v2\/pages\/232\/revisions"}],"predecessor-version":[{"id":312,"href":"https:\/\/isc-inc.net\/es\/wp-json\/wp\/v2\/pages\/232\/revisions\/312"}],"wp:attachment":[{"href":"https:\/\/isc-inc.net\/es\/wp-json\/wp\/v2\/media?parent=232"}],"curies":[{"name":"wp","href":"https:\/\/api.w.org\/{rel}","templated":true}]}}