{"id":2,"date":"2025-10-13T15:10:44","date_gmt":"2025-10-13T15:10:44","guid":{"rendered":"https:\/\/diligent-pink-penguin.64-191-166-22.cpanel.site\/?page_id=2"},"modified":"2025-10-13T15:10:44","modified_gmt":"2025-10-13T15:10:44","slug":"sample-page","status":"publish","type":"page","link":"https:\/\/isc-inc.net\/es\/sample-page\/","title":{"rendered":"Sample Page"},"content":{"rendered":"<p>Esta es una p\u00e1gina de ejemplo. Se diferencia de una entrada de blog en que permanecer\u00e1 fija y aparecer\u00e1 en la navegaci\u00f3n de tu sitio (en la mayor\u00eda de los temas). La mayor\u00eda de las personas comienzan con una p\u00e1gina &quot;Acerca de&quot; que les presenta a los visitantes potenciales del sitio. Podr\u00eda decir algo como esto:<\/p>\n\n\n\n<blockquote class=\"wp-block-quote is-layout-flow wp-block-quote-is-layout-flow\"><p>\u00a1Hola! Soy mensajero en bicicleta de d\u00eda, actor en ciernes de noche, y esta es mi p\u00e1gina web. Vivo en Los \u00c1ngeles, tengo un perro genial llamado Jack y me gustan las pi\u00f1as coladas. (Y que me pille la lluvia).<\/p><\/blockquote>\n\n\n\n<p>\u2026o algo parecido a esto:<\/p>\n\n\n\n<blockquote class=\"wp-block-quote is-layout-flow wp-block-quote-is-layout-flow\"><p>La empresa XYZ Doohickey se fund\u00f3 en 1971 y desde entonces ofrece productos de calidad al p\u00fablico. Ubicada en Ciudad G\u00f3tica, XYZ emplea a m\u00e1s de 2000 personas y realiza todo tipo de actividades incre\u00edbles para la comunidad.<\/p><\/blockquote>\n\n\n\n<p>Como nuevo usuario de WordPress, deber\u00edas ir a <a href=\"https:\/\/isc-inc.net\/wp-admin\/\">tu panel de control<\/a> Para eliminar esta p\u00e1gina y crear nuevas p\u00e1ginas para tu contenido, \u00a1que te diviertas!<\/p>","protected":false},"excerpt":{"rendered":"<p>This is an example page. It&#8217;s different from a blog post because it will stay in one place and will show up in your site navigation (in most themes). Most people start with an About page that introduces them to potential site visitors. It might say something like this: Hi there! I&#8217;m a bike messenger [&hellip;]<\/p>","protected":false},"author":1,"featured_media":0,"parent":0,"menu_order":0,"comment_status":"closed","ping_status":"open","template":"","meta":{"_breakdance_hide_in_design_set":false,"_breakdance_tags":"","footnotes":""},"class_list":["post-2","page","type-page","status-publish","hentry"],"_links":{"self":[{"href":"https:\/\/isc-inc.net\/es\/wp-json\/wp\/v2\/pages\/2","targetHints":{"allow":["GET"]}}],"collection":[{"href":"https:\/\/isc-inc.net\/es\/wp-json\/wp\/v2\/pages"}],"about":[{"href":"https:\/\/isc-inc.net\/es\/wp-json\/wp\/v2\/types\/page"}],"author":[{"embeddable":true,"href":"https:\/\/isc-inc.net\/es\/wp-json\/wp\/v2\/users\/1"}],"replies":[{"embeddable":true,"href":"https:\/\/isc-inc.net\/es\/wp-json\/wp\/v2\/comments?post=2"}],"version-history":[{"count":0,"href":"https:\/\/isc-inc.net\/es\/wp-json\/wp\/v2\/pages\/2\/revisions"}],"wp:attachment":[{"href":"https:\/\/isc-inc.net\/es\/wp-json\/wp\/v2\/media?parent=2"}],"curies":[{"name":"wp","href":"https:\/\/api.w.org\/{rel}","templated":true}]}}